{"id":33123,"date":"2021-12-13T16:31:32","date_gmt":"2021-12-13T15:31:32","guid":{"rendered":"https:\/\/cb.agencegazelle.com\/cryotherapie\/"},"modified":"2022-03-02T11:31:53","modified_gmt":"2022-03-02T10:31:53","slug":"cryotherapie","status":"publish","type":"page","link":"https:\/\/cb.agencegazelle.com\/de\/cryotherapie\/","title":{"rendered":"Kryotherapie"},"content":{"rendered":"[vc_row et_full_width=&#8221;true&#8221; content_placement=&#8221;top&#8221; css=&#8221;.vc_custom_1644583351101{background-color: #000000 !important;background-position: center !important;background-repeat: no-repeat !important;background-size: cover !important;}&#8221; el_class=&#8221;gzl-header-solo&#8221;][vc_column][vc_row_inner][vc_column_inner][vc_column_text el_class=&#8221;gzl-header-solo-title&#8221;]\n<h1>KRYOTHERAPIE<\/h1>\n[\/vc_column_text][\/vc_column_inner][\/vc_row_inner][\/vc_column][\/vc_row][vc_row et_column_align=&#8221;align-center&#8221; content_placement=&#8221;middle&#8221; el_class=&#8221;spacing-xl gzl-reverse-1&#8243;][vc_column width=&#8221;2\/3&#8243;][vc_column_text el_class=&#8221;gzl-cms-title-large&#8221;]\n<h2>Eye Priority N\u00b0 1 Eye CARE \u2122<\/h2>\n[\/vc_column_text][vc_column_text css=&#8221;.vc_custom_1646217071384{margin-bottom: 0px !important;}&#8221;]Die Augenpartie erfordert eine gezielte Behandlung, da die Haut dort 5- bis 10-mal d\u00fcnner ist als im restlichen Gesicht. Basierend auf dieser Beobachtung hat Christian Breton \u00abEye Priority\u00bb entwickelt, eine Serie, die auf all diese Probleme gezielt reagiert. Dank der Kombination aus speziellen, h\u00f6chsteffizienten Wirkstoffen und den Vorz\u00fcgen der Kryotherapie hat sich Christian BRETON als Spezialist und Experte f\u00fcr Augenpflege etabliert. Mehr als 25 auf die Augenkontur zugeschnittene Produkte und eine beispiellose, \u00fcber 30-j\u00e4hrige Expertise machen uns zum unangefochtenen Marktf\u00fchrer auf diesem Gebiet. Jedes Produkt ist auf ein bestimmtes Hautbed\u00fcrfnis wie Augenringe, Schwellungen, Feuchtigkeit oder Falten zugeschnitten und erf\u00fcllt seinen eigenen Zweck. Nicht einfach nur irgendein Produkt, sondern eine Pflege, die der Realit\u00e4t entspricht.[\/vc_column_text][\/vc_column][vc_column width=&#8221;1\/3&#8243;][vc_single_image image=&#8221;29821&#8243; img_size=&#8221;full&#8221; css=&#8221;.vc_custom_1644572492258{margin-bottom: 0px !important;}&#8221;][\/vc_column][\/vc_row][vc_row et_column_align=&#8221;align-center&#8221; content_placement=&#8221;middle&#8221; el_class=&#8221;spacing-xl gzl-noreverse-1&#8243;][vc_column width=&#8221;1\/3&#8243;][vc_single_image image=&#8221;29827&#8243; img_size=&#8221;full&#8221; css=&#8221;.vc_custom_1644572501663{margin-bottom: 0px !important;}&#8221;][\/vc_column][vc_column width=&#8221;2\/3&#8243;][vc_column_text el_class=&#8221;gzl-cms-title-large&#8221;]\n<h2>Kryotherapie<\/h2>\n[\/vc_column_text][vc_column_text css=&#8221;.vc_custom_1646217097758{margin-bottom: 0px !important;}&#8221;]Der Mensch hat sich schon immer die K\u00e4lte zur Behandlung von Entz\u00fcndungen zunutze gemacht. Dar\u00fcber hinaus gilt es als erwiesen, dass K\u00e4lte die Blutgef\u00e4\u00dfe verengt. Die Kryotherapie ist eine \u00e4u\u00dferst wirksame Reaktion auf die Behandlung von Entz\u00fcndungen, dem Hauptausl\u00f6ser der meisten Augenkonturprobleme. Auf der Grundlage dieses Prinzips hat Christian Breton eine Kaltanwendungstechnik entwickelt. Neben der nat\u00fcrlichen Frische der in den Formeln enthaltenen Inhaltsstoffe haben Sie die M\u00f6glichkeit, unsere Produkte im K\u00fchlschrank aufzubewahren. Dies sorgt f\u00fcr einen zus\u00e4tzlichen K\u00e4lteeffekt und eine noch effektivere Pflege der Augenpartie. Aber keine Panik, unsere Produkte k\u00f6nnen auch ohne K\u00fchlung verwendet werden, da ihre Zusammensetzung von Natur aus eine erfrischende Wirkung entfaltet.[\/vc_column_text][\/vc_column][\/vc_row]\n","protected":false},"excerpt":{"rendered":"<p>[vc_row et_full_width=&#8221;true&#8221; content_placement=&#8221;top&#8221; css=&#8221;.vc_custom_1644583351101{background-color: #000000 !important;background-position: center !important;background-repeat: no-repeat !important;background-size: cover !important;}&#8221; el_class=&#8221;gzl-header-solo&#8221;][vc_column][vc_row_inner][vc_column_inner][vc_column_text el_class=&#8221;gzl-header-solo-title&#8221;] KRYOTHERAPIE [\/vc_column_text][\/vc_column_inner][\/vc_row_inner][\/vc_column][\/vc_row][vc_row et_column_align=&#8221;align-center&#8221; content_placement=&#8221;middle&#8221; el_class=&#8221;spacing-xl gzl-reverse-1&#8243;][vc_column width=&#8221;2\/3&#8243;][vc_column_text el_class=&#8221;gzl-cms-title-large&#8221;] Eye Priority N\u00b0 1 Eye CARE \u2122 [\/vc_column_text][vc_column_text css=&#8221;.vc_custom_1646217071384{margin-bottom: 0px !important;}&#8221;]Die Augenpartie erfordert eine gezielte Behandlung, da die Haut dort 5- bis 10-mal d\u00fcnner ist als im restlichen&hellip;<\/p>\n","protected":false},"author":2,"featured_media":0,"parent":0,"menu_order":0,"comment_status":"closed","ping_status":"closed","template":"template-cms-menu.php","meta":{"footnotes":""},"yoast_head":"<!-- This site is optimized with the Yoast SEO plugin v23.5 - https:\/\/yoast.com\/wordpress\/plugins\/seo\/ -->\n<title>Kryotherapie - CHRISTIAN BRETON<\/title>\n<meta name=\"robots\" content=\"noindex, follow, max-snippet:-1, max-image-preview:large, max-video-preview:-1\" \/>\n<meta property=\"og:locale\" content=\"de_DE\" \/>\n<meta property=\"og:type\" content=\"article\" \/>\n<meta property=\"og:title\" content=\"Kryotherapie - CHRISTIAN BRETON\" \/>\n<meta property=\"og:description\" content=\"[vc_row et_full_width=&#8221;true&#8221; content_placement=&#8221;top&#8221; css=&#8221;.vc_custom_1644583351101{background-color: #000000 !important;background-position: center !important;background-repeat: no-repeat !important;background-size: cover !important;}&#8221; el_class=&#8221;gzl-header-solo&#8221;][vc_column][vc_row_inner][vc_column_inner][vc_column_text el_class=&#8221;gzl-header-solo-title&#8221;] KRYOTHERAPIE [\/vc_column_text][\/vc_column_inner][\/vc_row_inner][\/vc_column][\/vc_row][vc_row et_column_align=&#8221;align-center&#8221; content_placement=&#8221;middle&#8221; el_class=&#8221;spacing-xl gzl-reverse-1&#8243;][vc_column width=&#8221;2\/3&#8243;][vc_column_text el_class=&#8221;gzl-cms-title-large&#8221;] Eye Priority N\u00b0 1 Eye CARE \u2122 [\/vc_column_text][vc_column_text css=&#8221;.vc_custom_1646217071384{margin-bottom: 0px !important;}&#8221;]Die Augenpartie erfordert eine gezielte Behandlung, da die Haut dort 5- bis 10-mal d\u00fcnner ist als im restlichen&hellip;\" \/>\n<meta property=\"og:url\" content=\"https:\/\/cb.agencegazelle.com\/de\/cryotherapie\/\" \/>\n<meta property=\"og:site_name\" content=\"CHRISTIAN BRETON\" \/>\n<meta property=\"article:publisher\" content=\"https:\/\/www.facebook.com\/christianbretonfrance\" \/>\n<meta property=\"article:modified_time\" content=\"2022-03-02T10:31:53+00:00\" \/>\n<meta name=\"twitter:card\" content=\"summary_large_image\" \/>\n<meta name=\"twitter:label1\" content=\"Gesch\u00e4tzte Lesezeit\" \/>\n\t<meta name=\"twitter:data1\" content=\"2\u00a0Minuten\" \/>\n<script type=\"application\/ld+json\" class=\"yoast-schema-graph\">{\"@context\":\"https:\/\/schema.org\",\"@graph\":[{\"@type\":\"WebPage\",\"@id\":\"https:\/\/cb.agencegazelle.com\/de\/cryotherapie\/\",\"url\":\"https:\/\/cb.agencegazelle.com\/de\/cryotherapie\/\",\"name\":\"Kryotherapie - CHRISTIAN BRETON\",\"isPartOf\":{\"@id\":\"https:\/\/cb.agencegazelle.com\/de\/#website\"},\"datePublished\":\"2021-12-13T15:31:32+00:00\",\"dateModified\":\"2022-03-02T10:31:53+00:00\",\"breadcrumb\":{\"@id\":\"https:\/\/cb.agencegazelle.com\/de\/cryotherapie\/#breadcrumb\"},\"inLanguage\":\"de\",\"potentialAction\":[{\"@type\":\"ReadAction\",\"target\":[\"https:\/\/cb.agencegazelle.com\/de\/cryotherapie\/\"]}]},{\"@type\":\"BreadcrumbList\",\"@id\":\"https:\/\/cb.agencegazelle.com\/de\/cryotherapie\/#breadcrumb\",\"itemListElement\":[{\"@type\":\"ListItem\",\"position\":1,\"name\":\"Accueil\",\"item\":\"https:\/\/cb.agencegazelle.com\/de\/\"},{\"@type\":\"ListItem\",\"position\":2,\"name\":\"Kryotherapie\"}]},{\"@type\":\"WebSite\",\"@id\":\"https:\/\/cb.agencegazelle.com\/de\/#website\",\"url\":\"https:\/\/cb.agencegazelle.com\/de\/\",\"name\":\"CHRISTIAN BRETON\",\"description\":\"L&#039;Expert du Contour des Yeux\",\"publisher\":{\"@id\":\"https:\/\/cb.agencegazelle.com\/de\/#organization\"},\"potentialAction\":[{\"@type\":\"SearchAction\",\"target\":{\"@type\":\"EntryPoint\",\"urlTemplate\":\"https:\/\/cb.agencegazelle.com\/de\/?s={search_term_string}\"},\"query-input\":{\"@type\":\"PropertyValueSpecification\",\"valueRequired\":true,\"valueName\":\"search_term_string\"}}],\"inLanguage\":\"de\"},{\"@type\":\"Organization\",\"@id\":\"https:\/\/cb.agencegazelle.com\/de\/#organization\",\"name\":\"CHRISTIAN BRETON\",\"url\":\"https:\/\/cb.agencegazelle.com\/de\/\",\"logo\":{\"@type\":\"ImageObject\",\"inLanguage\":\"de\",\"@id\":\"https:\/\/cb.agencegazelle.com\/de\/#\/schema\/logo\/image\/\",\"url\":\"https:\/\/cb.agencegazelle.com\/wp-content\/uploads\/2022\/05\/Christian-Breton-Logo-fond-noir-scaled.jpg\",\"contentUrl\":\"https:\/\/cb.agencegazelle.com\/wp-content\/uploads\/2022\/05\/Christian-Breton-Logo-fond-noir-scaled.jpg\",\"width\":2560,\"height\":2560,\"caption\":\"CHRISTIAN BRETON\"},\"image\":{\"@id\":\"https:\/\/cb.agencegazelle.com\/de\/#\/schema\/logo\/image\/\"},\"sameAs\":[\"https:\/\/www.facebook.com\/christianbretonfrance\",\"https:\/\/www.instagram.com\/christianbreton_paris\/\"]}]}<\/script>\n<!-- \/ Yoast SEO plugin. -->","yoast_head_json":{"title":"Kryotherapie - CHRISTIAN BRETON","robots":{"index":"noindex","follow":"follow","max-snippet":"max-snippet:-1","max-image-preview":"max-image-preview:large","max-video-preview":"max-video-preview:-1"},"og_locale":"de_DE","og_type":"article","og_title":"Kryotherapie - CHRISTIAN BRETON","og_description":"[vc_row et_full_width=&#8221;true&#8221; content_placement=&#8221;top&#8221; css=&#8221;.vc_custom_1644583351101{background-color: #000000 !important;background-position: center !important;background-repeat: no-repeat !important;background-size: cover !important;}&#8221; el_class=&#8221;gzl-header-solo&#8221;][vc_column][vc_row_inner][vc_column_inner][vc_column_text el_class=&#8221;gzl-header-solo-title&#8221;] KRYOTHERAPIE [\/vc_column_text][\/vc_column_inner][\/vc_row_inner][\/vc_column][\/vc_row][vc_row et_column_align=&#8221;align-center&#8221; content_placement=&#8221;middle&#8221; el_class=&#8221;spacing-xl gzl-reverse-1&#8243;][vc_column width=&#8221;2\/3&#8243;][vc_column_text el_class=&#8221;gzl-cms-title-large&#8221;] Eye Priority N\u00b0 1 Eye CARE \u2122 [\/vc_column_text][vc_column_text css=&#8221;.vc_custom_1646217071384{margin-bottom: 0px !important;}&#8221;]Die Augenpartie erfordert eine gezielte Behandlung, da die Haut dort 5- bis 10-mal d\u00fcnner ist als im restlichen&hellip;","og_url":"https:\/\/cb.agencegazelle.com\/de\/cryotherapie\/","og_site_name":"CHRISTIAN BRETON","article_publisher":"https:\/\/www.facebook.com\/christianbretonfrance","article_modified_time":"2022-03-02T10:31:53+00:00","twitter_card":"summary_large_image","twitter_misc":{"Gesch\u00e4tzte Lesezeit":"2\u00a0Minuten"},"schema":{"@context":"https:\/\/schema.org","@graph":[{"@type":"WebPage","@id":"https:\/\/cb.agencegazelle.com\/de\/cryotherapie\/","url":"https:\/\/cb.agencegazelle.com\/de\/cryotherapie\/","name":"Kryotherapie - CHRISTIAN BRETON","isPartOf":{"@id":"https:\/\/cb.agencegazelle.com\/de\/#website"},"datePublished":"2021-12-13T15:31:32+00:00","dateModified":"2022-03-02T10:31:53+00:00","breadcrumb":{"@id":"https:\/\/cb.agencegazelle.com\/de\/cryotherapie\/#breadcrumb"},"inLanguage":"de","potentialAction":[{"@type":"ReadAction","target":["https:\/\/cb.agencegazelle.com\/de\/cryotherapie\/"]}]},{"@type":"BreadcrumbList","@id":"https:\/\/cb.agencegazelle.com\/de\/cryotherapie\/#breadcrumb","itemListElement":[{"@type":"ListItem","position":1,"name":"Accueil","item":"https:\/\/cb.agencegazelle.com\/de\/"},{"@type":"ListItem","position":2,"name":"Kryotherapie"}]},{"@type":"WebSite","@id":"https:\/\/cb.agencegazelle.com\/de\/#website","url":"https:\/\/cb.agencegazelle.com\/de\/","name":"CHRISTIAN BRETON","description":"L&#039;Expert du Contour des Yeux","publisher":{"@id":"https:\/\/cb.agencegazelle.com\/de\/#organization"},"potentialAction":[{"@type":"SearchAction","target":{"@type":"EntryPoint","urlTemplate":"https:\/\/cb.agencegazelle.com\/de\/?s={search_term_string}"},"query-input":{"@type":"PropertyValueSpecification","valueRequired":true,"valueName":"search_term_string"}}],"inLanguage":"de"},{"@type":"Organization","@id":"https:\/\/cb.agencegazelle.com\/de\/#organization","name":"CHRISTIAN BRETON","url":"https:\/\/cb.agencegazelle.com\/de\/","logo":{"@type":"ImageObject","inLanguage":"de","@id":"https:\/\/cb.agencegazelle.com\/de\/#\/schema\/logo\/image\/","url":"https:\/\/cb.agencegazelle.com\/wp-content\/uploads\/2022\/05\/Christian-Breton-Logo-fond-noir-scaled.jpg","contentUrl":"https:\/\/cb.agencegazelle.com\/wp-content\/uploads\/2022\/05\/Christian-Breton-Logo-fond-noir-scaled.jpg","width":2560,"height":2560,"caption":"CHRISTIAN BRETON"},"image":{"@id":"https:\/\/cb.agencegazelle.com\/de\/#\/schema\/logo\/image\/"},"sameAs":["https:\/\/www.facebook.com\/christianbretonfrance","https:\/\/www.instagram.com\/christianbreton_paris\/"]}]}},"_links":{"self":[{"href":"https:\/\/cb.agencegazelle.com\/de\/wp-json\/wp\/v2\/pages\/33123"}],"collection":[{"href":"https:\/\/cb.agencegazelle.com\/de\/wp-json\/wp\/v2\/pages"}],"about":[{"href":"https:\/\/cb.agencegazelle.com\/de\/wp-json\/wp\/v2\/types\/page"}],"author":[{"embeddable":true,"href":"https:\/\/cb.agencegazelle.com\/de\/wp-json\/wp\/v2\/users\/2"}],"replies":[{"embeddable":true,"href":"https:\/\/cb.agencegazelle.com\/de\/wp-json\/wp\/v2\/comments?post=33123"}],"version-history":[{"count":0,"href":"https:\/\/cb.agencegazelle.com\/de\/wp-json\/wp\/v2\/pages\/33123\/revisions"}],"wp:attachment":[{"href":"https:\/\/cb.agencegazelle.com\/de\/wp-json\/wp\/v2\/media?parent=33123"}],"curies":[{"name":"wp","href":"https:\/\/api.w.org\/{rel}","templated":true}]}}