{"id":33135,"date":"2021-12-13T18:00:08","date_gmt":"2021-12-13T17:00:08","guid":{"rendered":"https:\/\/cb.agencegazelle.com\/actualites\/"},"modified":"2022-03-02T11:53:27","modified_gmt":"2022-03-02T10:53:27","slug":"actualites","status":"publish","type":"page","link":"https:\/\/cb.agencegazelle.com\/de\/actualites\/","title":{"rendered":"Aktuell"},"content":{"rendered":"[vc_row et_full_width=\u201dtrue\u201d el_class=\u201dgzl-header-solo\u201d css=\u201d.vc_custom_1644583975108{background-color: #000000 !important;}\u201d][vc_column][vc_row_inner][vc_column_inner][vc_column_text el_class=\u201dgzl-header-solo-title\u201d]\n<h1>VERTRIEB<\/h1>\n[\/vc_column_text][\/vc_column_inner][\/vc_row_inner][\/vc_column][\/vc_row][vc_row et_column_align=\u201dalign-center\u201d content_placement=\u201dmiddle\u201d el_class=\u201dgzl-reverse-1 spacing-xl\u201d][vc_column width=\u201d1\/2\u2033][vc_column_text css=\u201d.vc_custom_1646217452887{margin-bottom: 0px !important;}\u201d el_class=\u201dgzl-cms-title-medium\u201d]\n<h2>IN \u00dcBER 50 L\u00c4NDERN VERTRETEN<\/h2>\n[\/vc_column_text][vc_column_text css=\u201d.vc_custom_1646218072778{margin-bottom: 0px !important;}\u201d el_class=\u201dgzl-cms-list-1\u2033]Von Anfang an zielte Christian BRETON darauf ab, eine Vielzahl von Frauen jeglicher Herkunft zu erreichen, um ihnen die beste Gesichtspflege anzubieten. Heute ist Christian BRETON mit Niederlassungen in \u00fcber 50 L\u00e4ndern auf allen Kontinenten der Welt vertreten.[\/vc_column_text][\/vc_column][vc_column width=\u201d1\/2\u2033][vc_single_image image=\u201d29875\u2033 img_size=\u201dfull\u201d css=\u201d.vc_custom_1644573385526{margin-bottom: 0px !important;}\u201d][\/vc_column][\/vc_row][vc_row el_class=\u201dhide-mob\u201d][vc_column][vc_images_carousel images=\u201d30039,30044,30049,32080\u2033 img_size=\u201dfull\u201d onclick=\u201dlink_no\u201d speed=\u201d1000\u2033 slides_per_view=\u201d2\u2033 hide_pagination_control=\u201dyes\u201d partial_view=\u201dyes\u201d wrap=\u201dyes\u201d css=\u201d.vc_custom_1645451577861{margin-bottom: 0px !important;}\u201d el_class=\u201dgzl-carrousel-1\u2033][\/vc_column][\/vc_row][vc_row el_class=\u201dhide-desk\u201d][vc_column][vc_images_carousel images=\u201d30049,30044,30039,32085\u2033 img_size=\u201dfull\u201d onclick=\u201dlink_no\u201d speed=\u201d1000\u2033 hide_pagination_control=\u201dyes\u201d partial_view=\u201dyes\u201d wrap=\u201dyes\u201d css=\u201d.vc_custom_1645451614004{margin-bottom: 0px !important;}\u201d el_class=\u201dgzl-carrousel-1\u2033][\/vc_column][\/vc_row][vc_row et_column_align=\u201dalign-center\u201d content_placement=\u201dmiddle\u201d el_class=\u201dgzl-reverse-1 spacing-xl\u201d][vc_column width=\u201d1\/2\u2033][vc_column_text css=\u201d.vc_custom_1646218080848{margin-bottom: 0px !important;}\u201d el_class=\u201dgzl-cms-title-medium\u201d]\n<h2>PRESSE<\/h2>\n[\/vc_column_text][vc_column_text css=\u201d.vc_custom_1646218088812{margin-bottom: 0px !important;}\u201d el_class=\u201dgzl-cms-list-1\u2033]Die Presse ist sich \u00fcber die Wirksamkeit unserer Produkte einig und lobt diese regelm\u00e4\u00dfig in ihren Magazinen. St\u00f6bern Sie in einigen internationalen Publikationen.[\/vc_column_text][\/vc_column][vc_column width=\u201d1\/2\u2033][vc_single_image image=\u201d29896\u2033 img_size=\u201dfull\u201d css=\u201d.vc_custom_1644573542503{margin-bottom: 0px !important;}\u201d][\/vc_column][\/vc_row][vc_row et_column_align=\u201dalign-center\u201d content_placement=\u201dmiddle\u201d el_class=\u201dgzl-noreverse-1 spacing-xl\u201d][vc_column width=\u201d1\/2\u2033][vc_media_grid element_width=\u201d6\u2033 grid_id=\u201dvc_gid:1646217391332-6f1ec13b-f1ef-2\u2033 include=\u201d29655,29660\u2033][\/vc_column][vc_column width=\u201d1\/2\u2033][vc_column_text css=\u201d.vc_custom_1646218111604{margin-bottom: 0px !important;}\u201d el_class=\u201dgzl-cms-title-medium\u201d]\n<h2>SOZIALE NETZWERKE<\/h2>\n[\/vc_column_text][vc_column_text css=\u201d.vc_custom_1643788884085{margin-bottom: 0px !important;}\u201d el_class=\u201dgzl-cms-title-regular\u201d]\n<h3><\/h3>\n[\/vc_column_text][vc_column_text css=\u201d.vc_custom_1646218123493{margin-bottom: 0px !important;}\u201d el_class=\u201dgzl-cms-list-1\u2033]\n<ul>\n<li>Instagram<\/li>\n<li>Facebook<\/li>\n<li>Tiktok<\/li>\n<\/ul>\n[\/vc_column_text][\/vc_column][\/vc_row][vc_row][vc_column][\/vc_column][\/vc_row]\n","protected":false},"excerpt":{"rendered":"<p>[vc_row et_full_width=\u201dtrue\u201d el_class=\u201dgzl-header-solo\u201d css=\u201d.vc_custom_1644583975108{background-color: #000000 !important;}\u201d][vc_column][vc_row_inner][vc_column_inner][vc_column_text el_class=\u201dgzl-header-solo-title\u201d] VERTRIEB [\/vc_column_text][\/vc_column_inner][\/vc_row_inner][\/vc_column][\/vc_row][vc_row et_column_align=\u201dalign-center\u201d content_placement=\u201dmiddle\u201d el_class=\u201dgzl-reverse-1 spacing-xl\u201d][vc_column width=\u201d1\/2\u2033][vc_column_text css=\u201d.vc_custom_1646217452887{margin-bottom: 0px !important;}\u201d el_class=\u201dgzl-cms-title-medium\u201d] IN \u00dcBER 50 L\u00c4NDERN VERTRETEN [\/vc_column_text][vc_column_text css=\u201d.vc_custom_1646218072778{margin-bottom: 0px !important;}\u201d el_class=\u201dgzl-cms-list-1\u2033]Von Anfang an zielte Christian BRETON darauf ab, eine Vielzahl von Frauen jeglicher Herkunft zu erreichen, um ihnen die beste Gesichtspflege anzubieten. Heute&hellip;<\/p>\n","protected":false},"author":2,"featured_media":0,"parent":0,"menu_order":0,"comment_status":"closed","ping_status":"closed","template":"template-cms-menu.php","meta":{"footnotes":""},"yoast_head":"<!-- This site is optimized with the Yoast SEO plugin v23.5 - https:\/\/yoast.com\/wordpress\/plugins\/seo\/ -->\n<title>Aktuell - CHRISTIAN BRETON<\/title>\n<meta name=\"robots\" content=\"noindex, follow, max-snippet:-1, max-image-preview:large, max-video-preview:-1\" \/>\n<meta property=\"og:locale\" content=\"de_DE\" \/>\n<meta property=\"og:type\" content=\"article\" \/>\n<meta property=\"og:title\" content=\"Aktuell - CHRISTIAN BRETON\" \/>\n<meta property=\"og:description\" content=\"[vc_row et_full_width=\u201dtrue\u201d el_class=\u201dgzl-header-solo\u201d css=\u201d.vc_custom_1644583975108{background-color: #000000 !important;}\u201d][vc_column][vc_row_inner][vc_column_inner][vc_column_text el_class=\u201dgzl-header-solo-title\u201d] VERTRIEB [\/vc_column_text][\/vc_column_inner][\/vc_row_inner][\/vc_column][\/vc_row][vc_row et_column_align=\u201dalign-center\u201d content_placement=\u201dmiddle\u201d el_class=\u201dgzl-reverse-1 spacing-xl\u201d][vc_column width=\u201d1\/2\u2033][vc_column_text css=\u201d.vc_custom_1646217452887{margin-bottom: 0px !important;}\u201d el_class=\u201dgzl-cms-title-medium\u201d] IN \u00dcBER 50 L\u00c4NDERN VERTRETEN [\/vc_column_text][vc_column_text css=\u201d.vc_custom_1646218072778{margin-bottom: 0px !important;}\u201d el_class=\u201dgzl-cms-list-1\u2033]Von Anfang an zielte Christian BRETON darauf ab, eine Vielzahl von Frauen jeglicher Herkunft zu erreichen, um ihnen die beste Gesichtspflege anzubieten. Heute&hellip;\" \/>\n<meta property=\"og:url\" content=\"https:\/\/cb.agencegazelle.com\/de\/actualites\/\" \/>\n<meta property=\"og:site_name\" content=\"CHRISTIAN BRETON\" \/>\n<meta property=\"article:publisher\" content=\"https:\/\/www.facebook.com\/christianbretonfrance\" \/>\n<meta property=\"article:modified_time\" content=\"2022-03-02T10:53:27+00:00\" \/>\n<meta name=\"twitter:card\" content=\"summary_large_image\" \/>\n<meta name=\"twitter:label1\" content=\"Gesch\u00e4tzte Lesezeit\" \/>\n\t<meta name=\"twitter:data1\" content=\"1\u00a0Minute\" \/>\n<script type=\"application\/ld+json\" class=\"yoast-schema-graph\">{\"@context\":\"https:\/\/schema.org\",\"@graph\":[{\"@type\":\"WebPage\",\"@id\":\"https:\/\/cb.agencegazelle.com\/de\/actualites\/\",\"url\":\"https:\/\/cb.agencegazelle.com\/de\/actualites\/\",\"name\":\"Aktuell - CHRISTIAN BRETON\",\"isPartOf\":{\"@id\":\"https:\/\/cb.agencegazelle.com\/de\/#website\"},\"datePublished\":\"2021-12-13T17:00:08+00:00\",\"dateModified\":\"2022-03-02T10:53:27+00:00\",\"breadcrumb\":{\"@id\":\"https:\/\/cb.agencegazelle.com\/de\/actualites\/#breadcrumb\"},\"inLanguage\":\"de\",\"potentialAction\":[{\"@type\":\"ReadAction\",\"target\":[\"https:\/\/cb.agencegazelle.com\/de\/actualites\/\"]}]},{\"@type\":\"BreadcrumbList\",\"@id\":\"https:\/\/cb.agencegazelle.com\/de\/actualites\/#breadcrumb\",\"itemListElement\":[{\"@type\":\"ListItem\",\"position\":1,\"name\":\"Accueil\",\"item\":\"https:\/\/cb.agencegazelle.com\/de\/\"},{\"@type\":\"ListItem\",\"position\":2,\"name\":\"Aktuell\"}]},{\"@type\":\"WebSite\",\"@id\":\"https:\/\/cb.agencegazelle.com\/de\/#website\",\"url\":\"https:\/\/cb.agencegazelle.com\/de\/\",\"name\":\"CHRISTIAN BRETON\",\"description\":\"L&#039;Expert du Contour des Yeux\",\"publisher\":{\"@id\":\"https:\/\/cb.agencegazelle.com\/de\/#organization\"},\"potentialAction\":[{\"@type\":\"SearchAction\",\"target\":{\"@type\":\"EntryPoint\",\"urlTemplate\":\"https:\/\/cb.agencegazelle.com\/de\/?s={search_term_string}\"},\"query-input\":{\"@type\":\"PropertyValueSpecification\",\"valueRequired\":true,\"valueName\":\"search_term_string\"}}],\"inLanguage\":\"de\"},{\"@type\":\"Organization\",\"@id\":\"https:\/\/cb.agencegazelle.com\/de\/#organization\",\"name\":\"CHRISTIAN BRETON\",\"url\":\"https:\/\/cb.agencegazelle.com\/de\/\",\"logo\":{\"@type\":\"ImageObject\",\"inLanguage\":\"de\",\"@id\":\"https:\/\/cb.agencegazelle.com\/de\/#\/schema\/logo\/image\/\",\"url\":\"https:\/\/cb.agencegazelle.com\/wp-content\/uploads\/2022\/05\/Christian-Breton-Logo-fond-noir-scaled.jpg\",\"contentUrl\":\"https:\/\/cb.agencegazelle.com\/wp-content\/uploads\/2022\/05\/Christian-Breton-Logo-fond-noir-scaled.jpg\",\"width\":2560,\"height\":2560,\"caption\":\"CHRISTIAN BRETON\"},\"image\":{\"@id\":\"https:\/\/cb.agencegazelle.com\/de\/#\/schema\/logo\/image\/\"},\"sameAs\":[\"https:\/\/www.facebook.com\/christianbretonfrance\",\"https:\/\/www.instagram.com\/christianbreton_paris\/\"]}]}<\/script>\n<!-- \/ Yoast SEO plugin. -->","yoast_head_json":{"title":"Aktuell - CHRISTIAN BRETON","robots":{"index":"noindex","follow":"follow","max-snippet":"max-snippet:-1","max-image-preview":"max-image-preview:large","max-video-preview":"max-video-preview:-1"},"og_locale":"de_DE","og_type":"article","og_title":"Aktuell - CHRISTIAN BRETON","og_description":"[vc_row et_full_width=\u201dtrue\u201d el_class=\u201dgzl-header-solo\u201d css=\u201d.vc_custom_1644583975108{background-color: #000000 !important;}\u201d][vc_column][vc_row_inner][vc_column_inner][vc_column_text el_class=\u201dgzl-header-solo-title\u201d] VERTRIEB [\/vc_column_text][\/vc_column_inner][\/vc_row_inner][\/vc_column][\/vc_row][vc_row et_column_align=\u201dalign-center\u201d content_placement=\u201dmiddle\u201d el_class=\u201dgzl-reverse-1 spacing-xl\u201d][vc_column width=\u201d1\/2\u2033][vc_column_text css=\u201d.vc_custom_1646217452887{margin-bottom: 0px !important;}\u201d el_class=\u201dgzl-cms-title-medium\u201d] IN \u00dcBER 50 L\u00c4NDERN VERTRETEN [\/vc_column_text][vc_column_text css=\u201d.vc_custom_1646218072778{margin-bottom: 0px !important;}\u201d el_class=\u201dgzl-cms-list-1\u2033]Von Anfang an zielte Christian BRETON darauf ab, eine Vielzahl von Frauen jeglicher Herkunft zu erreichen, um ihnen die beste Gesichtspflege anzubieten. Heute&hellip;","og_url":"https:\/\/cb.agencegazelle.com\/de\/actualites\/","og_site_name":"CHRISTIAN BRETON","article_publisher":"https:\/\/www.facebook.com\/christianbretonfrance","article_modified_time":"2022-03-02T10:53:27+00:00","twitter_card":"summary_large_image","twitter_misc":{"Gesch\u00e4tzte Lesezeit":"1\u00a0Minute"},"schema":{"@context":"https:\/\/schema.org","@graph":[{"@type":"WebPage","@id":"https:\/\/cb.agencegazelle.com\/de\/actualites\/","url":"https:\/\/cb.agencegazelle.com\/de\/actualites\/","name":"Aktuell - CHRISTIAN BRETON","isPartOf":{"@id":"https:\/\/cb.agencegazelle.com\/de\/#website"},"datePublished":"2021-12-13T17:00:08+00:00","dateModified":"2022-03-02T10:53:27+00:00","breadcrumb":{"@id":"https:\/\/cb.agencegazelle.com\/de\/actualites\/#breadcrumb"},"inLanguage":"de","potentialAction":[{"@type":"ReadAction","target":["https:\/\/cb.agencegazelle.com\/de\/actualites\/"]}]},{"@type":"BreadcrumbList","@id":"https:\/\/cb.agencegazelle.com\/de\/actualites\/#breadcrumb","itemListElement":[{"@type":"ListItem","position":1,"name":"Accueil","item":"https:\/\/cb.agencegazelle.com\/de\/"},{"@type":"ListItem","position":2,"name":"Aktuell"}]},{"@type":"WebSite","@id":"https:\/\/cb.agencegazelle.com\/de\/#website","url":"https:\/\/cb.agencegazelle.com\/de\/","name":"CHRISTIAN BRETON","description":"L&#039;Expert du Contour des Yeux","publisher":{"@id":"https:\/\/cb.agencegazelle.com\/de\/#organization"},"potentialAction":[{"@type":"SearchAction","target":{"@type":"EntryPoint","urlTemplate":"https:\/\/cb.agencegazelle.com\/de\/?s={search_term_string}"},"query-input":{"@type":"PropertyValueSpecification","valueRequired":true,"valueName":"search_term_string"}}],"inLanguage":"de"},{"@type":"Organization","@id":"https:\/\/cb.agencegazelle.com\/de\/#organization","name":"CHRISTIAN BRETON","url":"https:\/\/cb.agencegazelle.com\/de\/","logo":{"@type":"ImageObject","inLanguage":"de","@id":"https:\/\/cb.agencegazelle.com\/de\/#\/schema\/logo\/image\/","url":"https:\/\/cb.agencegazelle.com\/wp-content\/uploads\/2022\/05\/Christian-Breton-Logo-fond-noir-scaled.jpg","contentUrl":"https:\/\/cb.agencegazelle.com\/wp-content\/uploads\/2022\/05\/Christian-Breton-Logo-fond-noir-scaled.jpg","width":2560,"height":2560,"caption":"CHRISTIAN BRETON"},"image":{"@id":"https:\/\/cb.agencegazelle.com\/de\/#\/schema\/logo\/image\/"},"sameAs":["https:\/\/www.facebook.com\/christianbretonfrance","https:\/\/www.instagram.com\/christianbreton_paris\/"]}]}},"_links":{"self":[{"href":"https:\/\/cb.agencegazelle.com\/de\/wp-json\/wp\/v2\/pages\/33135"}],"collection":[{"href":"https:\/\/cb.agencegazelle.com\/de\/wp-json\/wp\/v2\/pages"}],"about":[{"href":"https:\/\/cb.agencegazelle.com\/de\/wp-json\/wp\/v2\/types\/page"}],"author":[{"embeddable":true,"href":"https:\/\/cb.agencegazelle.com\/de\/wp-json\/wp\/v2\/users\/2"}],"replies":[{"embeddable":true,"href":"https:\/\/cb.agencegazelle.com\/de\/wp-json\/wp\/v2\/comments?post=33135"}],"version-history":[{"count":0,"href":"https:\/\/cb.agencegazelle.com\/de\/wp-json\/wp\/v2\/pages\/33135\/revisions"}],"wp:attachment":[{"href":"https:\/\/cb.agencegazelle.com\/de\/wp-json\/wp\/v2\/media?parent=33135"}],"curies":[{"name":"wp","href":"https:\/\/api.w.org\/{rel}","templated":true}]}}