{"id":33132,"date":"2021-12-13T15:52:37","date_gmt":"2021-12-13T14:52:37","guid":{"rendered":"https:\/\/cb.agencegazelle.com\/produit\/base-volumisante-cils-eyelash-builder\/"},"modified":"2025-06-25T13:28:14","modified_gmt":"2025-06-25T11:28:14","slug":"eyelash-builder","status":"publish","type":"product","link":"https:\/\/cb.agencegazelle.com\/de\/produit\/eyelash-builder\/","title":{"rendered":"EYELASH BUILDER"},"content":{"rendered":"[vc_row][vc_column][vc_single_image image=&#8221;30557&#8243; img_size=&#8221;2770&#215;217&#8243; alignment=&#8221;center&#8221; el_class=&#8221;gzl-product-specs-desktop&#8221;][vc_single_image image=&#8221;30562&#8243; img_size=&#8221;598&#215;222&#8243; alignment=&#8221;center&#8221; el_class=&#8221;gzl-product-specs-mobile&#8221;][\/vc_column][\/vc_row][vc_row][vc_column][vc_column_text el_class=&#8221;gzl-product-intro&#8221;]\n<h3>Verl\u00e4ngernder, volumengebender und st\u00e4rkender Booster-Effekt<\/h3>\n<p>Eyelash Builder ist das Basis-Serum, das das Aussehen der Wimpern verbessert. Die Formel mit Dreifachwirkung &#8211; Volumen, Schwung und L\u00e4nge &#8211; ist die unverzichtbare Pflege f\u00fcr perfekte Wimpern. Diese Pflege-Mascara verl\u00e4ngert die Wimpern sofort und verleiht ihnen mehr Dichte und Volumen. In nur 5 Wochen ist der Wimpernkranz voller und die Wimpern sind kr\u00e4ftiger. Morgens unter der Mascara oder abends auf die abgeschminkten Wimpern auftragen.[\/vc_column_text][vc_tta_accordion c_icon=&#8221;chevron&#8221; c_position=&#8221;right&#8221; active_section=&#8221;&#8221; collapsible_all=&#8221;true&#8221; el_class=&#8221;gzl-product-accordeon&#8221;][vc_tta_section title=&#8221;F\u00fcr wen eignet sich diese Pflege?&#8221; tab_id=&#8221;targeta6a2-9c23286f-e462&#8243;][vc_column_text]Alle Hauttypen.[\/vc_column_text][\/vc_tta_section][vc_tta_section title=&#8221;Kundenmeinung&#8221; tab_id=&#8221;reviewsa6a2-9c23286f-e462&#8243; el_class=&#8221;gzl-productReviewsBtn&#8221;][\/vc_tta_section][\/vc_tta_accordion][\/vc_column][\/vc_row][vc_row css=&#8221;.vc_custom_1640082687555{background-color: #000000 !important;}&#8221; el_class=&#8221;bg-full black spacing-lg percents&#8221;][vc_column][vc_column_text el_class=&#8221;gzl-cms-title-medium color-white&#8221;]\n<h2 style=\"text-align: left;\"><strong>GETESTET UND F\u00dcR GUT BEFUNDEN *<\/strong><\/h2>\n[\/vc_column_text]\t<div id=\"et-content-carousel-537\" class=\"row et-content-carousel slick slick-slider no-padding  \" data-center=\"\" data-columns=\"3\" data-autoplay=\"\" data-fade=\"false\" data-autoplay-speed=\"\" data-pause=\"\" data-navigation=\"\" data-pagination=\"true\" data-infinite=\"true\">\n\t\t[vc_row_inner][vc_column_inner]\n\t<div id=\"et-counter-69daf35dab5df\" class=\"et-counter animation bottom-to-top counter-color-custom icon-color- text-color-custom counter-top\" >\n\t\t\t\t\t<div class=\"counter-container\">\n\t\t\t\t\t\t\t\t\t<div class=\"h1\" data-count=\"100\" data-speed=\"1500\">0<\/div>\n\t\t\t\t\t\t\t\t\t\t\t\t\t<h4>verbessert das Aussehen der Wimpern<\/h4>\n\t\t\t\t\t\t\t<\/div>\n\t\t\t\t\t\t\t\t\t\t<figure>\t\t\t\t\t<span class=\"\"><\/span>\n\t\t\t\t\t\t\t\t\t<\/figure>\n\t\t\t\t\t\t\t\n\t<\/div>\n\t[\/vc_column_inner][\/vc_row_inner][vc_row_inner][vc_column_inner]\n\t<div id=\"et-counter-69daf35dab64b\" class=\"et-counter animation bottom-to-top counter-color-custom icon-color- text-color-custom counter-top\" >\n\t\t\t\t\t<div class=\"counter-container\">\n\t\t\t\t\t\t\t\t\t<div class=\"h1\" data-count=\"92\" data-speed=\"1500\">0<\/div>\n\t\t\t\t\t\t\t\t\t\t\t\t\t<h4>kr\u00e4ftigere Wimpern nach 5 Wochen<\/h4>\n\t\t\t\t\t\t\t<\/div>\n\t\t\t\t\t\t\t\t\t\t<figure>\t\t\t\t\t<span class=\"\"><\/span>\n\t\t\t\t\t\t\t\t\t<\/figure>\n\t\t\t\t\t\t\t\n\t<\/div>\n\t[\/vc_column_inner][\/vc_row_inner][vc_row_inner][vc_column_inner]\n\t<div id=\"et-counter-69daf35dab67d\" class=\"et-counter animation bottom-to-top counter-color-custom icon-color- text-color-custom counter-top\" >\n\t\t\t\t\t<div class=\"counter-container\">\n\t\t\t\t\t\t\t\t\t<div class=\"h1\" data-count=\"92\" data-speed=\"1500\">0<\/div>\n\t\t\t\t\t\t\t\t\t\t\t\t\t<h4>sofort l\u00e4ngere, dickere und volumin\u00f6sere Wimpern<\/h4>\n\t\t\t\t\t\t\t<\/div>\n\t\t\t\t\t\t\t\t\t\t<figure>\t\t\t\t\t<span class=\"\"><\/span>\n\t\t\t\t\t\t\t\t\t<\/figure>\n\t\t\t\t\t\t\t\n\t<\/div>\n\t[\/vc_column_inner][\/vc_row_inner]\t<\/div>\n\t\t\n\t[\/vc_column][\/vc_row][vc_row el_class=&#8221;spacing-lg application&#8221;][vc_column][vc_row_inner][vc_column_inner][vc_column_text animation=&#8221;animation bottom-to-top&#8221; css=&#8221;.vc_custom_1646217445256{margin-bottom: 0px !important;}&#8221;]\n<h2 style=\"text-align: center;\"><strong>ANWENDUNG<\/strong><\/h2>\n[\/vc_column_text][\/vc_column_inner][\/vc_row_inner]\t<div id=\"et-content-carousel-515\" class=\"row et-content-carousel slick slick-slider regular-padding  \" data-center=\"\" data-columns=\"3\" data-autoplay=\"\" data-fade=\"false\" data-autoplay-speed=\"\" data-pause=\"\" data-navigation=\"\" data-pagination=\"true\" data-infinite=\"true\">\n\t\t\r\n\t<div id=\"et-iconbox-292\" class=\"et-iconbox layout-centered icon-style-image-default bottom-spacing-none icon-color- text-color- animation bottom-to-top \"> \r\n\t\t<div class=\"et-icon-inner\">\r\n\t\t\t<figure class=\"et-feature-icon\">\r\n\t\t\t\t\t\t\t\t\t<img decoding=\"async\" src=\"https:\/\/cb.agencegazelle.com\/wp-content\/uploads\/2021\/12\/1117-1.jpg\" alt=\"\" \/>\r\n\t\t\t\t\t\t\t<\/figure>\r\n\t\t\t<div class=\"et-feature-content\"> \r\n\t\t\t\t\t\t\t\t\t\t\t\t<div class=\"wpb_text_column\"><h4 style=\"text-align: center;\">SCHRITT 1<\/h4>\n<p class=\"p1\" style=\"text-align: center;\">Die Eyelash Builder Wimpern-Volumenbasis auf den Wimpernansatz auftragen.<\/p>\n<\/div>\r\n\t\t\t\t\t\t\t<\/div>\r\n\t\t<\/div>\r\n\t<\/div>\r\n\r\n\t\r\n\t<div id=\"et-iconbox-954\" class=\"et-iconbox layout-centered icon-style-image-default bottom-spacing-none icon-color- text-color- animation bottom-to-top \"> \r\n\t\t<div class=\"et-icon-inner\">\r\n\t\t\t<figure class=\"et-feature-icon\">\r\n\t\t\t\t\t\t\t\t\t<img decoding=\"async\" src=\"https:\/\/cb.agencegazelle.com\/wp-content\/uploads\/2021\/12\/1105-1.jpg\" alt=\"\" \/>\r\n\t\t\t\t\t\t\t<\/figure>\r\n\t\t\t<div class=\"et-feature-content\"> \r\n\t\t\t\t\t\t\t\t\t\t\t\t<div class=\"wpb_text_column\"><h4 style=\"text-align: center;\">SCHRITT 2<\/h4>\n<p class=\"p1\" style=\"text-align: center;\">Vom Ansatz bis zum Wimpernkranz auftragen, tags\u00fcber unter Ihrem Mascara oder nachts als st\u00e4rkende Maske.<\/p>\n<\/div>\r\n\t\t\t\t\t\t\t<\/div>\r\n\t\t<\/div>\r\n\t<\/div>\r\n\r\n\t\r\n\t<div id=\"et-iconbox-773\" class=\"et-iconbox layout-centered icon-style-image-default bottom-spacing-none icon-color- text-color- animation bottom-to-top \"> \r\n\t\t<div class=\"et-icon-inner\">\r\n\t\t\t<figure class=\"et-feature-icon\">\r\n\t\t\t\t\t\t\t\t\t<img decoding=\"async\" src=\"https:\/\/cb.agencegazelle.com\/wp-content\/uploads\/2021\/12\/1115-1.jpg\" alt=\"\" \/>\r\n\t\t\t\t\t\t\t<\/figure>\r\n\t\t\t<div class=\"et-feature-content\"> \r\n\t\t\t\t\t\t\t\t\t\t\t\t<div class=\"wpb_text_column\"><h4 style=\"text-align: center;\">SCHRITT 3<\/h4>\n<p class=\"p1\" style=\"text-align: center;\">Anschlie\u00dfend unseren Lash XXXL-Mascara auftragen.<\/p>\n<\/div>\r\n\t\t\t\t\t\t\t<\/div>\r\n\t\t<\/div>\r\n\t<\/div>\r\n\r\n\t\t<\/div>\n\t\t\n\t[\/vc_column][\/vc_row]\n","protected":false},"excerpt":{"rendered":"<p>Die Eyelash Builder-Pflege hilft, die Wimpern zu st\u00e4rken und zu verdichten, um einen wundersch\u00f6nen Augenaufschlag zu erzielen. Die Wimpern wirken l\u00e4nger und volumin\u00f6ser.<\/p>\n<p>\u2713 Ophthalmologisch getestet<\/p>\n<p>Ref. [wcj_product_sku] \u00b7 5 g<\/p>\n","protected":false},"featured_media":28674,"template":"","meta":[],"product_cat":[1242,1277],"product_tag":[],"yoast_head":"<!-- This site is optimized with the Yoast SEO plugin v23.5 - https:\/\/yoast.com\/wordpress\/plugins\/seo\/ -->\n<title>EYELASH BUILDER - CHRISTIAN BRETON<\/title>\n<meta name=\"description\" content=\"Dieser nat\u00fcrliche Mascara ist die unverzichtbare Pflege, um Ihre Wimpern zu st\u00e4rken und ihnen Schwung und Volumen zu verleihen.\" \/>\n<meta name=\"robots\" content=\"noindex, follow, max-snippet:-1, max-image-preview:large, max-video-preview:-1\" \/>\n<meta property=\"og:locale\" content=\"de_DE\" \/>\n<meta property=\"og:type\" content=\"article\" \/>\n<meta property=\"og:title\" content=\"EYELASH BUILDER - CHRISTIAN BRETON\" \/>\n<meta property=\"og:description\" content=\"Dieser nat\u00fcrliche Mascara ist die unverzichtbare Pflege, um Ihre Wimpern zu st\u00e4rken und ihnen Schwung und Volumen zu verleihen.\" \/>\n<meta property=\"og:url\" content=\"https:\/\/cb.agencegazelle.com\/de\/produit\/eyelash-builder\/\" \/>\n<meta property=\"og:site_name\" content=\"CHRISTIAN BRETON\" \/>\n<meta property=\"article:publisher\" content=\"https:\/\/www.facebook.com\/christianbretonfrance\" \/>\n<meta property=\"article:modified_time\" content=\"2025-06-25T11:28:14+00:00\" \/>\n<meta property=\"og:image\" content=\"https:\/\/cb.agencegazelle.com\/wp-content\/uploads\/2021\/12\/1105.jpg\" \/>\n\t<meta property=\"og:image:width\" content=\"700\" \/>\n\t<meta property=\"og:image:height\" content=\"738\" \/>\n\t<meta property=\"og:image:type\" content=\"image\/jpeg\" \/>\n<meta name=\"twitter:card\" content=\"summary_large_image\" \/>\n<meta name=\"twitter:label1\" content=\"Gesch\u00e4tzte Lesezeit\" \/>\n\t<meta name=\"twitter:data1\" content=\"3\u00a0Minuten\" \/>\n<script type=\"application\/ld+json\" class=\"yoast-schema-graph\">{\"@context\":\"https:\/\/schema.org\",\"@graph\":[{\"@type\":\"WebPage\",\"@id\":\"https:\/\/cb.agencegazelle.com\/de\/produit\/eyelash-builder\/\",\"url\":\"https:\/\/cb.agencegazelle.com\/de\/produit\/eyelash-builder\/\",\"name\":\"EYELASH BUILDER - CHRISTIAN BRETON\",\"isPartOf\":{\"@id\":\"https:\/\/cb.agencegazelle.com\/de\/#website\"},\"primaryImageOfPage\":{\"@id\":\"https:\/\/cb.agencegazelle.com\/de\/produit\/eyelash-builder\/#primaryimage\"},\"image\":{\"@id\":\"https:\/\/cb.agencegazelle.com\/de\/produit\/eyelash-builder\/#primaryimage\"},\"thumbnailUrl\":\"https:\/\/cb.agencegazelle.com\/wp-content\/uploads\/2021\/12\/1105.jpg\",\"datePublished\":\"2021-12-13T14:52:37+00:00\",\"dateModified\":\"2025-06-25T11:28:14+00:00\",\"description\":\"Dieser nat\u00fcrliche Mascara ist die unverzichtbare Pflege, um Ihre Wimpern zu st\u00e4rken und ihnen Schwung und Volumen zu verleihen.\",\"breadcrumb\":{\"@id\":\"https:\/\/cb.agencegazelle.com\/de\/produit\/eyelash-builder\/#breadcrumb\"},\"inLanguage\":\"de\",\"potentialAction\":[{\"@type\":\"ReadAction\",\"target\":[\"https:\/\/cb.agencegazelle.com\/de\/produit\/eyelash-builder\/\"]}]},{\"@type\":\"ImageObject\",\"inLanguage\":\"de\",\"@id\":\"https:\/\/cb.agencegazelle.com\/de\/produit\/eyelash-builder\/#primaryimage\",\"url\":\"https:\/\/cb.agencegazelle.com\/wp-content\/uploads\/2021\/12\/1105.jpg\",\"contentUrl\":\"https:\/\/cb.agencegazelle.com\/wp-content\/uploads\/2021\/12\/1105.jpg\",\"width\":700,\"height\":738,\"caption\":\"Mascara soin eyelash builder - Christian Breton\"},{\"@type\":\"BreadcrumbList\",\"@id\":\"https:\/\/cb.agencegazelle.com\/de\/produit\/eyelash-builder\/#breadcrumb\",\"itemListElement\":[{\"@type\":\"ListItem\",\"position\":1,\"name\":\"Accueil\",\"item\":\"https:\/\/cb.agencegazelle.com\/de\/\"},{\"@type\":\"ListItem\",\"position\":2,\"name\":\"Shop\",\"item\":\"https:\/\/cb.agencegazelle.com\/en\/shop\/\"},{\"@type\":\"ListItem\",\"position\":3,\"name\":\"EYELASH BUILDER\"}]},{\"@type\":\"WebSite\",\"@id\":\"https:\/\/cb.agencegazelle.com\/de\/#website\",\"url\":\"https:\/\/cb.agencegazelle.com\/de\/\",\"name\":\"CHRISTIAN BRETON\",\"description\":\"L&#039;Expert du Contour des Yeux\",\"publisher\":{\"@id\":\"https:\/\/cb.agencegazelle.com\/de\/#organization\"},\"potentialAction\":[{\"@type\":\"SearchAction\",\"target\":{\"@type\":\"EntryPoint\",\"urlTemplate\":\"https:\/\/cb.agencegazelle.com\/de\/?s={search_term_string}\"},\"query-input\":{\"@type\":\"PropertyValueSpecification\",\"valueRequired\":true,\"valueName\":\"search_term_string\"}}],\"inLanguage\":\"de\"},{\"@type\":\"Organization\",\"@id\":\"https:\/\/cb.agencegazelle.com\/de\/#organization\",\"name\":\"CHRISTIAN BRETON\",\"url\":\"https:\/\/cb.agencegazelle.com\/de\/\",\"logo\":{\"@type\":\"ImageObject\",\"inLanguage\":\"de\",\"@id\":\"https:\/\/cb.agencegazelle.com\/de\/#\/schema\/logo\/image\/\",\"url\":\"https:\/\/cb.agencegazelle.com\/wp-content\/uploads\/2022\/05\/Christian-Breton-Logo-fond-noir-scaled.jpg\",\"contentUrl\":\"https:\/\/cb.agencegazelle.com\/wp-content\/uploads\/2022\/05\/Christian-Breton-Logo-fond-noir-scaled.jpg\",\"width\":2560,\"height\":2560,\"caption\":\"CHRISTIAN BRETON\"},\"image\":{\"@id\":\"https:\/\/cb.agencegazelle.com\/de\/#\/schema\/logo\/image\/\"},\"sameAs\":[\"https:\/\/www.facebook.com\/christianbretonfrance\",\"https:\/\/www.instagram.com\/christianbreton_paris\/\"]}]}<\/script>\n<!-- \/ Yoast SEO plugin. -->","yoast_head_json":{"title":"EYELASH BUILDER - CHRISTIAN BRETON","description":"Dieser nat\u00fcrliche Mascara ist die unverzichtbare Pflege, um Ihre Wimpern zu st\u00e4rken und ihnen Schwung und Volumen zu verleihen.","robots":{"index":"noindex","follow":"follow","max-snippet":"max-snippet:-1","max-image-preview":"max-image-preview:large","max-video-preview":"max-video-preview:-1"},"og_locale":"de_DE","og_type":"article","og_title":"EYELASH BUILDER - CHRISTIAN BRETON","og_description":"Dieser nat\u00fcrliche Mascara ist die unverzichtbare Pflege, um Ihre Wimpern zu st\u00e4rken und ihnen Schwung und Volumen zu verleihen.","og_url":"https:\/\/cb.agencegazelle.com\/de\/produit\/eyelash-builder\/","og_site_name":"CHRISTIAN BRETON","article_publisher":"https:\/\/www.facebook.com\/christianbretonfrance","article_modified_time":"2025-06-25T11:28:14+00:00","og_image":[{"width":700,"height":738,"url":"https:\/\/cb.agencegazelle.com\/wp-content\/uploads\/2021\/12\/1105.jpg","type":"image\/jpeg"}],"twitter_card":"summary_large_image","twitter_misc":{"Gesch\u00e4tzte Lesezeit":"3\u00a0Minuten"},"schema":{"@context":"https:\/\/schema.org","@graph":[{"@type":"WebPage","@id":"https:\/\/cb.agencegazelle.com\/de\/produit\/eyelash-builder\/","url":"https:\/\/cb.agencegazelle.com\/de\/produit\/eyelash-builder\/","name":"EYELASH BUILDER - CHRISTIAN BRETON","isPartOf":{"@id":"https:\/\/cb.agencegazelle.com\/de\/#website"},"primaryImageOfPage":{"@id":"https:\/\/cb.agencegazelle.com\/de\/produit\/eyelash-builder\/#primaryimage"},"image":{"@id":"https:\/\/cb.agencegazelle.com\/de\/produit\/eyelash-builder\/#primaryimage"},"thumbnailUrl":"https:\/\/cb.agencegazelle.com\/wp-content\/uploads\/2021\/12\/1105.jpg","datePublished":"2021-12-13T14:52:37+00:00","dateModified":"2025-06-25T11:28:14+00:00","description":"Dieser nat\u00fcrliche Mascara ist die unverzichtbare Pflege, um Ihre Wimpern zu st\u00e4rken und ihnen Schwung und Volumen zu verleihen.","breadcrumb":{"@id":"https:\/\/cb.agencegazelle.com\/de\/produit\/eyelash-builder\/#breadcrumb"},"inLanguage":"de","potentialAction":[{"@type":"ReadAction","target":["https:\/\/cb.agencegazelle.com\/de\/produit\/eyelash-builder\/"]}]},{"@type":"ImageObject","inLanguage":"de","@id":"https:\/\/cb.agencegazelle.com\/de\/produit\/eyelash-builder\/#primaryimage","url":"https:\/\/cb.agencegazelle.com\/wp-content\/uploads\/2021\/12\/1105.jpg","contentUrl":"https:\/\/cb.agencegazelle.com\/wp-content\/uploads\/2021\/12\/1105.jpg","width":700,"height":738,"caption":"Mascara soin eyelash builder - Christian Breton"},{"@type":"BreadcrumbList","@id":"https:\/\/cb.agencegazelle.com\/de\/produit\/eyelash-builder\/#breadcrumb","itemListElement":[{"@type":"ListItem","position":1,"name":"Accueil","item":"https:\/\/cb.agencegazelle.com\/de\/"},{"@type":"ListItem","position":2,"name":"Shop","item":"https:\/\/cb.agencegazelle.com\/en\/shop\/"},{"@type":"ListItem","position":3,"name":"EYELASH BUILDER"}]},{"@type":"WebSite","@id":"https:\/\/cb.agencegazelle.com\/de\/#website","url":"https:\/\/cb.agencegazelle.com\/de\/","name":"CHRISTIAN BRETON","description":"L&#039;Expert du Contour des Yeux","publisher":{"@id":"https:\/\/cb.agencegazelle.com\/de\/#organization"},"potentialAction":[{"@type":"SearchAction","target":{"@type":"EntryPoint","urlTemplate":"https:\/\/cb.agencegazelle.com\/de\/?s={search_term_string}"},"query-input":{"@type":"PropertyValueSpecification","valueRequired":true,"valueName":"search_term_string"}}],"inLanguage":"de"},{"@type":"Organization","@id":"https:\/\/cb.agencegazelle.com\/de\/#organization","name":"CHRISTIAN BRETON","url":"https:\/\/cb.agencegazelle.com\/de\/","logo":{"@type":"ImageObject","inLanguage":"de","@id":"https:\/\/cb.agencegazelle.com\/de\/#\/schema\/logo\/image\/","url":"https:\/\/cb.agencegazelle.com\/wp-content\/uploads\/2022\/05\/Christian-Breton-Logo-fond-noir-scaled.jpg","contentUrl":"https:\/\/cb.agencegazelle.com\/wp-content\/uploads\/2022\/05\/Christian-Breton-Logo-fond-noir-scaled.jpg","width":2560,"height":2560,"caption":"CHRISTIAN BRETON"},"image":{"@id":"https:\/\/cb.agencegazelle.com\/de\/#\/schema\/logo\/image\/"},"sameAs":["https:\/\/www.facebook.com\/christianbretonfrance","https:\/\/www.instagram.com\/christianbreton_paris\/"]}]}},"_links":{"self":[{"href":"https:\/\/cb.agencegazelle.com\/de\/wp-json\/wp\/v2\/product\/33132"}],"collection":[{"href":"https:\/\/cb.agencegazelle.com\/de\/wp-json\/wp\/v2\/product"}],"about":[{"href":"https:\/\/cb.agencegazelle.com\/de\/wp-json\/wp\/v2\/types\/product"}],"wp:featuredmedia":[{"embeddable":true,"href":"https:\/\/cb.agencegazelle.com\/de\/wp-json\/wp\/v2\/media\/28674"}],"wp:attachment":[{"href":"https:\/\/cb.agencegazelle.com\/de\/wp-json\/wp\/v2\/media?parent=33132"}],"wp:term":[{"taxonomy":"product_cat","embeddable":true,"href":"https:\/\/cb.agencegazelle.com\/de\/wp-json\/wp\/v2\/product_cat?post=33132"},{"taxonomy":"product_tag","embeddable":true,"href":"https:\/\/cb.agencegazelle.com\/de\/wp-json\/wp\/v2\/product_tag?post=33132"}],"curies":[{"name":"wp","href":"https:\/\/api.w.org\/{rel}","templated":true}]}}