{"id":33423,"date":"2021-12-13T15:55:14","date_gmt":"2021-12-13T14:55:14","guid":{"rendered":"https:\/\/cb.agencegazelle.com\/produit\/creme-riche-soin-visage-hydratant\/"},"modified":"2025-08-06T09:00:35","modified_gmt":"2025-08-06T07:00:35","slug":"creme-riche","status":"publish","type":"product","link":"https:\/\/cb.agencegazelle.com\/de\/produit\/creme-riche\/","title":{"rendered":"CR\u00c8ME RICHE"},"content":{"rendered":"[vc_row disable_element=\u201dyes\u201d][vc_column][vc_single_image image=\u201d26829\u2033 img_size=\u201d2770\u00d7217\u2033 alignment=\u201dcenter\u201d el_class=\u201dgzl-product-specs-desktop\u201d][vc_single_image image=\u201d26835\u2033 img_size=\u201d598\u00d7222\u2033 alignment=\u201dcenter\u201d el_class=\u201dgzl-product-specs-mobile\u201d][\/vc_column][\/vc_row][vc_row][vc_column][vc_column_text el_class=\u201dgzl-product-intro\u201d]\n<h3>Spendet Feuchtigkeit und n\u00e4hrt<\/h3>\n<p>Die umh\u00fcllende Balsamtextur der Cr\u00e8me Riche zieht sanft ein, ohne einen Fettfilm zu hinterlassen.<br \/>\nDie Haut ist strahlend sch\u00f6n und intensiv mit Feuchtigkeit versorgt, sie wirkt belebt und straff.[\/vc_column_text][vc_tta_accordion c_icon=\u201dchevron\u201d c_position=\u201dright\u201d active_section=\u201d\u201d collapsible_all=\u201dtrue\u201d el_class=\u201dgzl-product-accordeon\u201d][vc_tta_section title=\u201dF\u00fcr wen eignet sich diese Pflege?\u201d tab_id=\u201dtargeta6a2-9c232408-e85a\u201d][vc_column_text]F\u00fcr trockene Haut.[\/vc_column_text][\/vc_tta_section][vc_tta_section title=\u201dKundenmeinung\u201d tab_id=\u201dreviewsa6a2-9c232408-e85a\u201d el_class=\u201dgzl-productReviewsBtn\u201d][\/vc_tta_section][\/vc_tta_accordion][\/vc_column][\/vc_row][vc_row css=\u201d.vc_custom_1640082687555{background-color: #000000 !important;}\u201d el_class=\u201dbg-full black spacing-lg percents\u201d][vc_column][vc_column_text el_class=\u201dgzl-cms-title-medium color-white\u201d]\n<h2><strong>GETESTET UND F\u00dcR GUT BEFUNDEN *<\/strong><\/h2>\n[\/vc_column_text]\t<div id=\"et-content-carousel-719\" class=\"row et-content-carousel slick slick-slider no-padding  \" data-center=\"\" data-columns=\"3\" data-autoplay=\"\" data-fade=\"false\" data-autoplay-speed=\"\" data-pause=\"\" data-navigation=\"\" data-pagination=\"true\" data-infinite=\"true\">\n\t\t[vc_row_inner][vc_column_inner]\n\t<div id=\"et-counter-69fa97b10e65f\" class=\"et-counter animation bottom-to-top counter-color-custom icon-color- text-color-custom counter-top\" >\n\t\t\t\t\t<div class=\"counter-container\">\n\t\t\t\t\t\t\t\t\t<div class=\"h1\" data-count=\"100\" data-speed=\"1500\">0<\/div>\n\t\t\t\t\t\t\t\t\t\t\t\t\t<h4>Feuchtigkeitsversorgung<\/h4>\n\t\t\t\t\t\t\t<\/div>\n\t\t\t\t\t\t\t\t\t\t<figure>\t\t\t\t\t<span class=\"\"><\/span>\n\t\t\t\t\t\t\t\t\t<\/figure>\n\t\t\t\t\t\t\t\n\t<\/div>\n\t[\/vc_column_inner][\/vc_row_inner][vc_row_inner][vc_column_inner]\n\t<div id=\"et-counter-69fa97b10e69c\" class=\"et-counter animation bottom-to-top counter-color-custom icon-color- text-color-custom counter-top\" >\n\t\t\t\t\t<div class=\"counter-container\">\n\t\t\t\t\t\t\t\t\t<div class=\"h1\" data-count=\"96\" data-speed=\"1500\">0<\/div>\n\t\t\t\t\t\t\t\t\t\t\t\t\t<h4>strafft die Haut<\/h4>\n\t\t\t\t\t\t\t<\/div>\n\t\t\t\t\t\t\t\t\t\t<figure>\t\t\t\t\t<span class=\"\"><\/span>\n\t\t\t\t\t\t\t\t\t<\/figure>\n\t\t\t\t\t\t\t\n\t<\/div>\n\t[\/vc_column_inner][\/vc_row_inner][vc_row_inner][vc_column_inner]\n\t<div id=\"et-counter-69fa97b10e6b3\" class=\"et-counter animation bottom-to-top counter-color-custom icon-color- text-color-custom counter-top\" >\n\t\t\t\t\t<div class=\"counter-container\">\n\t\t\t\t\t\t\t\t\t<div class=\"h1\" data-count=\"92\" data-speed=\"1500\">0<\/div>\n\t\t\t\t\t\t\t\t\t\t\t\t\t<h4>gl\u00e4ttet die Haut<\/h4>\n\t\t\t\t\t\t\t<\/div>\n\t\t\t\t\t\t\t\t\t\t<figure>\t\t\t\t\t<span class=\"\"><\/span>\n\t\t\t\t\t\t\t\t\t<\/figure>\n\t\t\t\t\t\t\t\n\t<\/div>\n\t[\/vc_column_inner][\/vc_row_inner]\t<\/div>\n\t\t\n\t[\/vc_column][\/vc_row][vc_row el_class=\u201dspacing-lg application\u201d][vc_column][vc_row_inner][vc_column_inner][vc_column_text animation=\u201danimation bottom-to-top\u201d css=\u201d.vc_custom_1646299272359{margin-bottom: 0px !important;}\u201d]\n<h2 style=\"text-align: center;\"><strong>ANWENDUNG<\/strong><\/h2>\n[\/vc_column_text][\/vc_column_inner][\/vc_row_inner]\t<div id=\"et-content-carousel-16\" class=\"row et-content-carousel slick slick-slider regular-padding  \" data-center=\"\" data-columns=\"3\" data-autoplay=\"\" data-fade=\"false\" data-autoplay-speed=\"\" data-pause=\"\" data-navigation=\"\" data-pagination=\"true\" data-infinite=\"true\">\n\t\t\r\n\t<div id=\"et-iconbox-372\" class=\"et-iconbox layout-centered icon-style-image-default bottom-spacing-none icon-color- text-color- animation bottom-to-top \"> \r\n\t\t<div class=\"et-icon-inner\">\r\n\t\t\t<figure class=\"et-feature-icon\">\r\n\t\t\t\t\t\t\t\t\t<img decoding=\"async\" src=\"https:\/\/cb.agencegazelle.com\/wp-content\/uploads\/2021\/12\/1-13.jpg\" alt=\"\" \/>\r\n\t\t\t\t\t\t\t<\/figure>\r\n\t\t\t<div class=\"et-feature-content\"> \r\n\t\t\t\t\t\t\t\t\t\t\t\t<div class=\"wpb_text_column\"><h4 style=\"text-align: center;\">SCHRITT 1<\/h4>\n<p style=\"text-align: center;\">Entfernen Sie morgens und abends Make-up und reinigen Sie Ihre Haut.<\/p>\n<\/div>\r\n\t\t\t\t\t\t\t<\/div>\r\n\t\t<\/div>\r\n\t<\/div>\r\n\r\n\t\r\n\t<div id=\"et-iconbox-352\" class=\"et-iconbox layout-centered icon-style-image-default bottom-spacing-none icon-color- text-color- animation bottom-to-top \"> \r\n\t\t<div class=\"et-icon-inner\">\r\n\t\t\t<figure class=\"et-feature-icon\">\r\n\t\t\t\t\t\t\t\t\t<img decoding=\"async\" src=\"https:\/\/cb.agencegazelle.com\/wp-content\/uploads\/2021\/12\/2-17.jpg\" alt=\"\" \/>\r\n\t\t\t\t\t\t\t<\/figure>\r\n\t\t\t<div class=\"et-feature-content\"> \r\n\t\t\t\t\t\t\t\t\t\t\t\t<div class=\"wpb_text_column\"><h4 style=\"text-align: center;\">SCHRITT 2<\/h4>\n<p style=\"text-align: center;\">Tragen Sie dann Ihr Gesichtsserum morgens und abends auf.<\/p>\n<\/div>\r\n\t\t\t\t\t\t\t<\/div>\r\n\t\t<\/div>\r\n\t<\/div>\r\n\r\n\t\r\n\t<div id=\"et-iconbox-528\" class=\"et-iconbox layout-centered icon-style-image-default bottom-spacing-none icon-color- text-color- animation bottom-to-top \"> \r\n\t\t<div class=\"et-icon-inner\">\r\n\t\t\t<figure class=\"et-feature-icon\">\r\n\t\t\t\t\t\t\t\t\t<img decoding=\"async\" src=\"https:\/\/cb.agencegazelle.com\/wp-content\/uploads\/2021\/12\/3-12.jpg\" alt=\"\" \/>\r\n\t\t\t\t\t\t\t<\/figure>\r\n\t\t\t<div class=\"et-feature-content\"> \r\n\t\t\t\t\t\t\t\t\t\t\t\t<div class=\"wpb_text_column\"><h4 style=\"text-align: center;\">SCHRITT 3<\/h4>\n<p style=\"text-align: center;\">Verwenden Sie anschlie\u00dfend die Rich Cream morgens und abends auf der gereinigten, trockenen Haut.<\/p>\n<\/div>\r\n\t\t\t\t\t\t\t<\/div>\r\n\t\t<\/div>\r\n\t<\/div>\r\n\r\n\t\t<\/div>\n\t\t\n\t[\/vc_column][\/vc_row]\n","protected":false},"excerpt":{"rendered":"<p>Die Cr\u00e8me Riche versorgt die Haut mit Feuchtigkeit, so dass der Teint strahlender erscheint. Ihre Haut sieht j\u00fcnger und sch\u00f6ner aus!<\/p>\n<p>\u2713 Unter dermatologischer Aufsicht getestet.<\/p>\n<p>Ref. [wcj_product_sku] \u00b7 50ml<\/p>\n","protected":false},"featured_media":28580,"template":"","meta":[],"product_cat":[1359,1339,1338,1537,1340,1347],"product_tag":[],"yoast_head":"<!-- This site is optimized with the Yoast SEO plugin v23.5 - https:\/\/yoast.com\/wordpress\/plugins\/seo\/ -->\n<title>CR\u00c8ME RICHE - CHRISTIAN BRETON<\/title>\n<meta name=\"description\" content=\"Die Haut wird intensiv mit Feuchtigkeit versorgt und findet so zu ihrem idealen Feuchtigkeitsgehalt zur\u00fcck.\" \/>\n<meta name=\"robots\" content=\"noindex, follow, max-snippet:-1, max-image-preview:large, max-video-preview:-1\" \/>\n<meta property=\"og:locale\" content=\"de_DE\" \/>\n<meta property=\"og:type\" content=\"article\" \/>\n<meta property=\"og:title\" content=\"CR\u00c8ME RICHE - CHRISTIAN BRETON\" \/>\n<meta property=\"og:description\" content=\"Die Haut wird intensiv mit Feuchtigkeit versorgt und findet so zu ihrem idealen Feuchtigkeitsgehalt zur\u00fcck.\" \/>\n<meta property=\"og:url\" content=\"https:\/\/cb.agencegazelle.com\/de\/produit\/creme-riche\/\" \/>\n<meta property=\"og:site_name\" content=\"CHRISTIAN BRETON\" \/>\n<meta property=\"article:publisher\" content=\"https:\/\/www.facebook.com\/christianbretonfrance\" \/>\n<meta property=\"article:modified_time\" content=\"2025-08-06T07:00:35+00:00\" \/>\n<meta property=\"og:image\" content=\"https:\/\/i0.wp.com\/www.christian-breton.fr\/wp-content\/uploads\/2021\/12\/1640.jpg?fit=700%2C738&ssl=1\" \/>\n\t<meta property=\"og:image:width\" content=\"700\" \/>\n\t<meta property=\"og:image:height\" content=\"738\" \/>\n\t<meta property=\"og:image:type\" content=\"image\/jpeg\" \/>\n<meta name=\"twitter:card\" content=\"summary_large_image\" \/>\n<meta name=\"twitter:label1\" content=\"Gesch\u00e4tzte Lesezeit\" \/>\n\t<meta name=\"twitter:data1\" content=\"2\u00a0Minuten\" \/>\n<script type=\"application\/ld+json\" class=\"yoast-schema-graph\">{\"@context\":\"https:\/\/schema.org\",\"@graph\":[{\"@type\":\"WebPage\",\"@id\":\"https:\/\/cb.agencegazelle.com\/de\/produit\/creme-riche\/\",\"url\":\"https:\/\/cb.agencegazelle.com\/de\/produit\/creme-riche\/\",\"name\":\"CR\u00c8ME RICHE - CHRISTIAN BRETON\",\"isPartOf\":{\"@id\":\"https:\/\/cb.agencegazelle.com\/de\/#website\"},\"primaryImageOfPage\":{\"@id\":\"https:\/\/cb.agencegazelle.com\/de\/produit\/creme-riche\/#primaryimage\"},\"image\":{\"@id\":\"https:\/\/cb.agencegazelle.com\/de\/produit\/creme-riche\/#primaryimage\"},\"thumbnailUrl\":\"https:\/\/cb.agencegazelle.com\/wp-content\/uploads\/2021\/12\/1640.jpg\",\"datePublished\":\"2021-12-13T14:55:14+00:00\",\"dateModified\":\"2025-08-06T07:00:35+00:00\",\"description\":\"Die Haut wird intensiv mit Feuchtigkeit versorgt und findet so zu ihrem idealen Feuchtigkeitsgehalt zur\u00fcck.\",\"breadcrumb\":{\"@id\":\"https:\/\/cb.agencegazelle.com\/de\/produit\/creme-riche\/#breadcrumb\"},\"inLanguage\":\"de\",\"potentialAction\":[{\"@type\":\"ReadAction\",\"target\":[\"https:\/\/cb.agencegazelle.com\/de\/produit\/creme-riche\/\"]}]},{\"@type\":\"ImageObject\",\"inLanguage\":\"de\",\"@id\":\"https:\/\/cb.agencegazelle.com\/de\/produit\/creme-riche\/#primaryimage\",\"url\":\"https:\/\/cb.agencegazelle.com\/wp-content\/uploads\/2021\/12\/1640.jpg\",\"contentUrl\":\"https:\/\/cb.agencegazelle.com\/wp-content\/uploads\/2021\/12\/1640.jpg\",\"width\":700,\"height\":738,\"caption\":\"Cr\u00e8me riche super hydratante - Christian Breton\"},{\"@type\":\"BreadcrumbList\",\"@id\":\"https:\/\/cb.agencegazelle.com\/de\/produit\/creme-riche\/#breadcrumb\",\"itemListElement\":[{\"@type\":\"ListItem\",\"position\":1,\"name\":\"Accueil\",\"item\":\"https:\/\/cb.agencegazelle.com\/de\/\"},{\"@type\":\"ListItem\",\"position\":2,\"name\":\"Shop\",\"item\":\"https:\/\/cb.agencegazelle.com\/en\/shop\/\"},{\"@type\":\"ListItem\",\"position\":3,\"name\":\"CR\u00c8ME RICHE\"}]},{\"@type\":\"WebSite\",\"@id\":\"https:\/\/cb.agencegazelle.com\/de\/#website\",\"url\":\"https:\/\/cb.agencegazelle.com\/de\/\",\"name\":\"CHRISTIAN BRETON\",\"description\":\"L&#039;Expert du Contour des Yeux\",\"publisher\":{\"@id\":\"https:\/\/cb.agencegazelle.com\/de\/#organization\"},\"potentialAction\":[{\"@type\":\"SearchAction\",\"target\":{\"@type\":\"EntryPoint\",\"urlTemplate\":\"https:\/\/cb.agencegazelle.com\/de\/?s={search_term_string}\"},\"query-input\":{\"@type\":\"PropertyValueSpecification\",\"valueRequired\":true,\"valueName\":\"search_term_string\"}}],\"inLanguage\":\"de\"},{\"@type\":\"Organization\",\"@id\":\"https:\/\/cb.agencegazelle.com\/de\/#organization\",\"name\":\"CHRISTIAN BRETON\",\"url\":\"https:\/\/cb.agencegazelle.com\/de\/\",\"logo\":{\"@type\":\"ImageObject\",\"inLanguage\":\"de\",\"@id\":\"https:\/\/cb.agencegazelle.com\/de\/#\/schema\/logo\/image\/\",\"url\":\"https:\/\/cb.agencegazelle.com\/wp-content\/uploads\/2022\/05\/Christian-Breton-Logo-fond-noir-scaled.jpg\",\"contentUrl\":\"https:\/\/cb.agencegazelle.com\/wp-content\/uploads\/2022\/05\/Christian-Breton-Logo-fond-noir-scaled.jpg\",\"width\":2560,\"height\":2560,\"caption\":\"CHRISTIAN BRETON\"},\"image\":{\"@id\":\"https:\/\/cb.agencegazelle.com\/de\/#\/schema\/logo\/image\/\"},\"sameAs\":[\"https:\/\/www.facebook.com\/christianbretonfrance\",\"https:\/\/www.instagram.com\/christianbreton_paris\/\"]}]}<\/script>\n<!-- \/ Yoast SEO plugin. -->","yoast_head_json":{"title":"CR\u00c8ME RICHE - CHRISTIAN BRETON","description":"Die Haut wird intensiv mit Feuchtigkeit versorgt und findet so zu ihrem idealen Feuchtigkeitsgehalt zur\u00fcck.","robots":{"index":"noindex","follow":"follow","max-snippet":"max-snippet:-1","max-image-preview":"max-image-preview:large","max-video-preview":"max-video-preview:-1"},"og_locale":"de_DE","og_type":"article","og_title":"CR\u00c8ME RICHE - CHRISTIAN BRETON","og_description":"Die Haut wird intensiv mit Feuchtigkeit versorgt und findet so zu ihrem idealen Feuchtigkeitsgehalt zur\u00fcck.","og_url":"https:\/\/cb.agencegazelle.com\/de\/produit\/creme-riche\/","og_site_name":"CHRISTIAN BRETON","article_publisher":"https:\/\/www.facebook.com\/christianbretonfrance","article_modified_time":"2025-08-06T07:00:35+00:00","og_image":[{"width":700,"height":738,"url":"https:\/\/i0.wp.com\/www.christian-breton.fr\/wp-content\/uploads\/2021\/12\/1640.jpg?fit=700%2C738&ssl=1","type":"image\/jpeg"}],"twitter_card":"summary_large_image","twitter_misc":{"Gesch\u00e4tzte Lesezeit":"2\u00a0Minuten"},"schema":{"@context":"https:\/\/schema.org","@graph":[{"@type":"WebPage","@id":"https:\/\/cb.agencegazelle.com\/de\/produit\/creme-riche\/","url":"https:\/\/cb.agencegazelle.com\/de\/produit\/creme-riche\/","name":"CR\u00c8ME RICHE - CHRISTIAN BRETON","isPartOf":{"@id":"https:\/\/cb.agencegazelle.com\/de\/#website"},"primaryImageOfPage":{"@id":"https:\/\/cb.agencegazelle.com\/de\/produit\/creme-riche\/#primaryimage"},"image":{"@id":"https:\/\/cb.agencegazelle.com\/de\/produit\/creme-riche\/#primaryimage"},"thumbnailUrl":"https:\/\/cb.agencegazelle.com\/wp-content\/uploads\/2021\/12\/1640.jpg","datePublished":"2021-12-13T14:55:14+00:00","dateModified":"2025-08-06T07:00:35+00:00","description":"Die Haut wird intensiv mit Feuchtigkeit versorgt und findet so zu ihrem idealen Feuchtigkeitsgehalt zur\u00fcck.","breadcrumb":{"@id":"https:\/\/cb.agencegazelle.com\/de\/produit\/creme-riche\/#breadcrumb"},"inLanguage":"de","potentialAction":[{"@type":"ReadAction","target":["https:\/\/cb.agencegazelle.com\/de\/produit\/creme-riche\/"]}]},{"@type":"ImageObject","inLanguage":"de","@id":"https:\/\/cb.agencegazelle.com\/de\/produit\/creme-riche\/#primaryimage","url":"https:\/\/cb.agencegazelle.com\/wp-content\/uploads\/2021\/12\/1640.jpg","contentUrl":"https:\/\/cb.agencegazelle.com\/wp-content\/uploads\/2021\/12\/1640.jpg","width":700,"height":738,"caption":"Cr\u00e8me riche super hydratante - Christian Breton"},{"@type":"BreadcrumbList","@id":"https:\/\/cb.agencegazelle.com\/de\/produit\/creme-riche\/#breadcrumb","itemListElement":[{"@type":"ListItem","position":1,"name":"Accueil","item":"https:\/\/cb.agencegazelle.com\/de\/"},{"@type":"ListItem","position":2,"name":"Shop","item":"https:\/\/cb.agencegazelle.com\/en\/shop\/"},{"@type":"ListItem","position":3,"name":"CR\u00c8ME RICHE"}]},{"@type":"WebSite","@id":"https:\/\/cb.agencegazelle.com\/de\/#website","url":"https:\/\/cb.agencegazelle.com\/de\/","name":"CHRISTIAN BRETON","description":"L&#039;Expert du Contour des Yeux","publisher":{"@id":"https:\/\/cb.agencegazelle.com\/de\/#organization"},"potentialAction":[{"@type":"SearchAction","target":{"@type":"EntryPoint","urlTemplate":"https:\/\/cb.agencegazelle.com\/de\/?s={search_term_string}"},"query-input":{"@type":"PropertyValueSpecification","valueRequired":true,"valueName":"search_term_string"}}],"inLanguage":"de"},{"@type":"Organization","@id":"https:\/\/cb.agencegazelle.com\/de\/#organization","name":"CHRISTIAN BRETON","url":"https:\/\/cb.agencegazelle.com\/de\/","logo":{"@type":"ImageObject","inLanguage":"de","@id":"https:\/\/cb.agencegazelle.com\/de\/#\/schema\/logo\/image\/","url":"https:\/\/cb.agencegazelle.com\/wp-content\/uploads\/2022\/05\/Christian-Breton-Logo-fond-noir-scaled.jpg","contentUrl":"https:\/\/cb.agencegazelle.com\/wp-content\/uploads\/2022\/05\/Christian-Breton-Logo-fond-noir-scaled.jpg","width":2560,"height":2560,"caption":"CHRISTIAN BRETON"},"image":{"@id":"https:\/\/cb.agencegazelle.com\/de\/#\/schema\/logo\/image\/"},"sameAs":["https:\/\/www.facebook.com\/christianbretonfrance","https:\/\/www.instagram.com\/christianbreton_paris\/"]}]}},"_links":{"self":[{"href":"https:\/\/cb.agencegazelle.com\/de\/wp-json\/wp\/v2\/product\/33423"}],"collection":[{"href":"https:\/\/cb.agencegazelle.com\/de\/wp-json\/wp\/v2\/product"}],"about":[{"href":"https:\/\/cb.agencegazelle.com\/de\/wp-json\/wp\/v2\/types\/product"}],"wp:featuredmedia":[{"embeddable":true,"href":"https:\/\/cb.agencegazelle.com\/de\/wp-json\/wp\/v2\/media\/28580"}],"wp:attachment":[{"href":"https:\/\/cb.agencegazelle.com\/de\/wp-json\/wp\/v2\/media?parent=33423"}],"wp:term":[{"taxonomy":"product_cat","embeddable":true,"href":"https:\/\/cb.agencegazelle.com\/de\/wp-json\/wp\/v2\/product_cat?post=33423"},{"taxonomy":"product_tag","embeddable":true,"href":"https:\/\/cb.agencegazelle.com\/de\/wp-json\/wp\/v2\/product_tag?post=33423"}],"curies":[{"name":"wp","href":"https:\/\/api.w.org\/{rel}","templated":true}]}}