{"id":33124,"date":"2021-12-13T16:31:32","date_gmt":"2021-12-13T15:31:32","guid":{"rendered":"https:\/\/cb.agencegazelle.com\/cryotherapie\/"},"modified":"2022-03-02T14:36:43","modified_gmt":"2022-03-02T13:36:43","slug":"cryotherapie-es","status":"publish","type":"page","link":"https:\/\/cb.agencegazelle.com\/es\/cryotherapie-es\/","title":{"rendered":"Crioterapia"},"content":{"rendered":"[vc_row et_full_width=&#8221;true&#8221; content_placement=&#8221;top&#8221; css=&#8221;.vc_custom_1644583351101{background-color: #000000 !important;background-position: center !important;background-repeat: no-repeat !important;background-size: cover !important;}&#8221; el_class=&#8221;gzl-header-solo&#8221;][vc_column][vc_row_inner][vc_column_inner][vc_column_text el_class=&#8221;gzl-header-solo-title&#8221;]\n<h1>CRIOTERAPIA<\/h1>\n[\/vc_column_text][\/vc_column_inner][\/vc_row_inner][\/vc_column][\/vc_row][vc_row et_column_align=&#8221;align-center&#8221; content_placement=&#8221;middle&#8221; el_class=&#8221;spacing-xl gzl-reverse-1&#8243;][vc_column width=&#8221;2\/3&#8243;][vc_column_text el_class=&#8221;gzl-cms-title-large&#8221;]\n<h2>Eye Priority N\u00b0 1 Eye CARE \u2122<\/h2>\n[\/vc_column_text][vc_column_text css=&#8221;.vc_custom_1646228132739{margin-bottom: 0px !important;}&#8221;]El contorno de los ojos debe tratarse de forma muy espec\u00edfica porque la piel es de 5 a 10 veces m\u00e1s fina all\u00ed que en el resto del rostro. Teniendo esto en cuenta, Christian Breton ha desarrollado Eye Priority, una gama que responde de forma espec\u00edfica a todos estos problemas. Al combinar el rendimiento de activos espec\u00edficos con la crioterapia, Christian BRETON se ha establecido como el especialista y el experto de los cuidados de la mirada. M\u00e1s de 25 productos dedicados al contorno de los ojos y una experiencia inigualable de m\u00e1s de 30 a\u00f1os nos han permitido convertirnos en los l\u00edderes indiscutibles en este campo. Cada producto corresponde a una necesidad espec\u00edfica: ojeras, bolsas, hidrataci\u00f3n, arrugas y tiene su propia raz\u00f3n de ser. No se trata de un producto m\u00e1s, sino de cuidados que corresponden a una realidad.[\/vc_column_text][\/vc_column][vc_column width=&#8221;1\/3&#8243;][vc_single_image image=&#8221;29823&#8243; img_size=&#8221;full&#8221; css=&#8221;.vc_custom_1644572492258{margin-bottom: 0px !important;}&#8221;][\/vc_column][\/vc_row][vc_row et_column_align=&#8221;align-center&#8221; content_placement=&#8221;middle&#8221; el_class=&#8221;spacing-xl gzl-noreverse-1&#8243;][vc_column width=&#8221;1\/3&#8243;][vc_single_image image=&#8221;29829&#8243; img_size=&#8221;full&#8221; css=&#8221;.vc_custom_1644572501663{margin-bottom: 0px !important;}&#8221;][\/vc_column][vc_column width=&#8221;2\/3&#8243;][vc_column_text el_class=&#8221;gzl-cms-title-large&#8221;]\n<h2>CRIOTERAPIA<\/h2>\n[\/vc_column_text][vc_column_text css=&#8221;.vc_custom_1646228143125{margin-bottom: 0px !important;}&#8221;]Desde siempre, el hombre ha utilizado el fr\u00edo para tratar la inflamaci\u00f3n y ya se sabe que el fr\u00edo contrae los vasos sangu\u00edneos. La crioterapia es una respuesta muy eficaz para tratar la inflamaci\u00f3n, principal desencadenante de la mayor\u00eda de los problemas del contorno de los ojos.\u00a0 Bas\u00e1ndose en este principio fundamental, Christian Breton ha desarrollado una t\u00e9cnica de aplicaci\u00f3n por el fr\u00edo. Adem\u00e1s de la frescura natural de los ingredientes presentes en las f\u00f3rmulas, la posibilidad de conservar los cuidados en el frigor\u00edfico permite obtener un efecto fr\u00edo adicional, para un tratamiento a\u00fan m\u00e1s eficaz del contorno de los ojos.\u00a0 \u00bfEs imposible? No se preocupe, nuestros productos pueden utilizarse sin necesidad de guardarlos en el frigor\u00edfico, ya que han sido formulados para estar naturalmente frescos.[\/vc_column_text][\/vc_column][\/vc_row]\n","protected":false},"excerpt":{"rendered":"<p>[vc_row et_full_width=&#8221;true&#8221; content_placement=&#8221;top&#8221; css=&#8221;.vc_custom_1644583351101{background-color: #000000 !important;background-position: center !important;background-repeat: no-repeat !important;background-size: cover !important;}&#8221; el_class=&#8221;gzl-header-solo&#8221;][vc_column][vc_row_inner][vc_column_inner][vc_column_text el_class=&#8221;gzl-header-solo-title&#8221;] CRIOTERAPIA [\/vc_column_text][\/vc_column_inner][\/vc_row_inner][\/vc_column][\/vc_row][vc_row et_column_align=&#8221;align-center&#8221; content_placement=&#8221;middle&#8221; el_class=&#8221;spacing-xl gzl-reverse-1&#8243;][vc_column width=&#8221;2\/3&#8243;][vc_column_text el_class=&#8221;gzl-cms-title-large&#8221;] Eye Priority N\u00b0 1 Eye CARE \u2122 [\/vc_column_text][vc_column_text css=&#8221;.vc_custom_1646228132739{margin-bottom: 0px !important;}&#8221;]El contorno de los ojos debe tratarse de forma muy espec\u00edfica porque la piel es de 5 a&hellip;<\/p>\n","protected":false},"author":2,"featured_media":0,"parent":0,"menu_order":0,"comment_status":"closed","ping_status":"closed","template":"template-cms-menu.php","meta":{"footnotes":""},"yoast_head":"<!-- This site is optimized with the Yoast SEO plugin v23.5 - https:\/\/yoast.com\/wordpress\/plugins\/seo\/ -->\n<title>Crioterapia - CHRISTIAN BRETON<\/title>\n<meta name=\"robots\" content=\"noindex, follow, max-snippet:-1, max-image-preview:large, max-video-preview:-1\" \/>\n<meta property=\"og:locale\" content=\"es_ES\" \/>\n<meta property=\"og:type\" content=\"article\" \/>\n<meta property=\"og:title\" content=\"Crioterapia - CHRISTIAN BRETON\" \/>\n<meta property=\"og:description\" content=\"[vc_row et_full_width=&#8221;true&#8221; content_placement=&#8221;top&#8221; css=&#8221;.vc_custom_1644583351101{background-color: #000000 !important;background-position: center !important;background-repeat: no-repeat !important;background-size: cover !important;}&#8221; el_class=&#8221;gzl-header-solo&#8221;][vc_column][vc_row_inner][vc_column_inner][vc_column_text el_class=&#8221;gzl-header-solo-title&#8221;] CRIOTERAPIA [\/vc_column_text][\/vc_column_inner][\/vc_row_inner][\/vc_column][\/vc_row][vc_row et_column_align=&#8221;align-center&#8221; content_placement=&#8221;middle&#8221; el_class=&#8221;spacing-xl gzl-reverse-1&#8243;][vc_column width=&#8221;2\/3&#8243;][vc_column_text el_class=&#8221;gzl-cms-title-large&#8221;] Eye Priority N\u00b0 1 Eye CARE \u2122 [\/vc_column_text][vc_column_text css=&#8221;.vc_custom_1646228132739{margin-bottom: 0px !important;}&#8221;]El contorno de los ojos debe tratarse de forma muy espec\u00edfica porque la piel es de 5 a&hellip;\" \/>\n<meta property=\"og:url\" content=\"https:\/\/cb.agencegazelle.com\/es\/cryotherapie-es\/\" \/>\n<meta property=\"og:site_name\" content=\"CHRISTIAN BRETON\" \/>\n<meta property=\"article:publisher\" content=\"https:\/\/www.facebook.com\/christianbretonfrance\" \/>\n<meta property=\"article:modified_time\" content=\"2022-03-02T13:36:43+00:00\" \/>\n<meta name=\"twitter:card\" content=\"summary_large_image\" \/>\n<meta name=\"twitter:label1\" content=\"Tiempo de lectura\" \/>\n\t<meta name=\"twitter:data1\" content=\"2 minutos\" \/>\n<script type=\"application\/ld+json\" class=\"yoast-schema-graph\">{\"@context\":\"https:\/\/schema.org\",\"@graph\":[{\"@type\":\"WebPage\",\"@id\":\"https:\/\/cb.agencegazelle.com\/es\/cryotherapie-es\/\",\"url\":\"https:\/\/cb.agencegazelle.com\/es\/cryotherapie-es\/\",\"name\":\"Crioterapia - CHRISTIAN BRETON\",\"isPartOf\":{\"@id\":\"https:\/\/cb.agencegazelle.com\/es\/#website\"},\"datePublished\":\"2021-12-13T15:31:32+00:00\",\"dateModified\":\"2022-03-02T13:36:43+00:00\",\"breadcrumb\":{\"@id\":\"https:\/\/cb.agencegazelle.com\/es\/cryotherapie-es\/#breadcrumb\"},\"inLanguage\":\"es\",\"potentialAction\":[{\"@type\":\"ReadAction\",\"target\":[\"https:\/\/cb.agencegazelle.com\/es\/cryotherapie-es\/\"]}]},{\"@type\":\"BreadcrumbList\",\"@id\":\"https:\/\/cb.agencegazelle.com\/es\/cryotherapie-es\/#breadcrumb\",\"itemListElement\":[{\"@type\":\"ListItem\",\"position\":1,\"name\":\"Accueil\",\"item\":\"https:\/\/cb.agencegazelle.com\/es\/\"},{\"@type\":\"ListItem\",\"position\":2,\"name\":\"Crioterapia\"}]},{\"@type\":\"WebSite\",\"@id\":\"https:\/\/cb.agencegazelle.com\/es\/#website\",\"url\":\"https:\/\/cb.agencegazelle.com\/es\/\",\"name\":\"CHRISTIAN BRETON\",\"description\":\"L&#039;Expert du Contour des Yeux\",\"publisher\":{\"@id\":\"https:\/\/cb.agencegazelle.com\/es\/#organization\"},\"potentialAction\":[{\"@type\":\"SearchAction\",\"target\":{\"@type\":\"EntryPoint\",\"urlTemplate\":\"https:\/\/cb.agencegazelle.com\/es\/?s={search_term_string}\"},\"query-input\":{\"@type\":\"PropertyValueSpecification\",\"valueRequired\":true,\"valueName\":\"search_term_string\"}}],\"inLanguage\":\"es\"},{\"@type\":\"Organization\",\"@id\":\"https:\/\/cb.agencegazelle.com\/es\/#organization\",\"name\":\"CHRISTIAN BRETON\",\"url\":\"https:\/\/cb.agencegazelle.com\/es\/\",\"logo\":{\"@type\":\"ImageObject\",\"inLanguage\":\"es\",\"@id\":\"https:\/\/cb.agencegazelle.com\/es\/#\/schema\/logo\/image\/\",\"url\":\"https:\/\/cb.agencegazelle.com\/wp-content\/uploads\/2022\/05\/Christian-Breton-Logo-fond-noir-scaled.jpg\",\"contentUrl\":\"https:\/\/cb.agencegazelle.com\/wp-content\/uploads\/2022\/05\/Christian-Breton-Logo-fond-noir-scaled.jpg\",\"width\":2560,\"height\":2560,\"caption\":\"CHRISTIAN BRETON\"},\"image\":{\"@id\":\"https:\/\/cb.agencegazelle.com\/es\/#\/schema\/logo\/image\/\"},\"sameAs\":[\"https:\/\/www.facebook.com\/christianbretonfrance\",\"https:\/\/www.instagram.com\/christianbreton_paris\/\"]}]}<\/script>\n<!-- \/ Yoast SEO plugin. -->","yoast_head_json":{"title":"Crioterapia - CHRISTIAN BRETON","robots":{"index":"noindex","follow":"follow","max-snippet":"max-snippet:-1","max-image-preview":"max-image-preview:large","max-video-preview":"max-video-preview:-1"},"og_locale":"es_ES","og_type":"article","og_title":"Crioterapia - CHRISTIAN BRETON","og_description":"[vc_row et_full_width=&#8221;true&#8221; content_placement=&#8221;top&#8221; css=&#8221;.vc_custom_1644583351101{background-color: #000000 !important;background-position: center !important;background-repeat: no-repeat !important;background-size: cover !important;}&#8221; el_class=&#8221;gzl-header-solo&#8221;][vc_column][vc_row_inner][vc_column_inner][vc_column_text el_class=&#8221;gzl-header-solo-title&#8221;] CRIOTERAPIA [\/vc_column_text][\/vc_column_inner][\/vc_row_inner][\/vc_column][\/vc_row][vc_row et_column_align=&#8221;align-center&#8221; content_placement=&#8221;middle&#8221; el_class=&#8221;spacing-xl gzl-reverse-1&#8243;][vc_column width=&#8221;2\/3&#8243;][vc_column_text el_class=&#8221;gzl-cms-title-large&#8221;] Eye Priority N\u00b0 1 Eye CARE \u2122 [\/vc_column_text][vc_column_text css=&#8221;.vc_custom_1646228132739{margin-bottom: 0px !important;}&#8221;]El contorno de los ojos debe tratarse de forma muy espec\u00edfica porque la piel es de 5 a&hellip;","og_url":"https:\/\/cb.agencegazelle.com\/es\/cryotherapie-es\/","og_site_name":"CHRISTIAN BRETON","article_publisher":"https:\/\/www.facebook.com\/christianbretonfrance","article_modified_time":"2022-03-02T13:36:43+00:00","twitter_card":"summary_large_image","twitter_misc":{"Tiempo de lectura":"2 minutos"},"schema":{"@context":"https:\/\/schema.org","@graph":[{"@type":"WebPage","@id":"https:\/\/cb.agencegazelle.com\/es\/cryotherapie-es\/","url":"https:\/\/cb.agencegazelle.com\/es\/cryotherapie-es\/","name":"Crioterapia - CHRISTIAN BRETON","isPartOf":{"@id":"https:\/\/cb.agencegazelle.com\/es\/#website"},"datePublished":"2021-12-13T15:31:32+00:00","dateModified":"2022-03-02T13:36:43+00:00","breadcrumb":{"@id":"https:\/\/cb.agencegazelle.com\/es\/cryotherapie-es\/#breadcrumb"},"inLanguage":"es","potentialAction":[{"@type":"ReadAction","target":["https:\/\/cb.agencegazelle.com\/es\/cryotherapie-es\/"]}]},{"@type":"BreadcrumbList","@id":"https:\/\/cb.agencegazelle.com\/es\/cryotherapie-es\/#breadcrumb","itemListElement":[{"@type":"ListItem","position":1,"name":"Accueil","item":"https:\/\/cb.agencegazelle.com\/es\/"},{"@type":"ListItem","position":2,"name":"Crioterapia"}]},{"@type":"WebSite","@id":"https:\/\/cb.agencegazelle.com\/es\/#website","url":"https:\/\/cb.agencegazelle.com\/es\/","name":"CHRISTIAN BRETON","description":"L&#039;Expert du Contour des Yeux","publisher":{"@id":"https:\/\/cb.agencegazelle.com\/es\/#organization"},"potentialAction":[{"@type":"SearchAction","target":{"@type":"EntryPoint","urlTemplate":"https:\/\/cb.agencegazelle.com\/es\/?s={search_term_string}"},"query-input":{"@type":"PropertyValueSpecification","valueRequired":true,"valueName":"search_term_string"}}],"inLanguage":"es"},{"@type":"Organization","@id":"https:\/\/cb.agencegazelle.com\/es\/#organization","name":"CHRISTIAN BRETON","url":"https:\/\/cb.agencegazelle.com\/es\/","logo":{"@type":"ImageObject","inLanguage":"es","@id":"https:\/\/cb.agencegazelle.com\/es\/#\/schema\/logo\/image\/","url":"https:\/\/cb.agencegazelle.com\/wp-content\/uploads\/2022\/05\/Christian-Breton-Logo-fond-noir-scaled.jpg","contentUrl":"https:\/\/cb.agencegazelle.com\/wp-content\/uploads\/2022\/05\/Christian-Breton-Logo-fond-noir-scaled.jpg","width":2560,"height":2560,"caption":"CHRISTIAN BRETON"},"image":{"@id":"https:\/\/cb.agencegazelle.com\/es\/#\/schema\/logo\/image\/"},"sameAs":["https:\/\/www.facebook.com\/christianbretonfrance","https:\/\/www.instagram.com\/christianbreton_paris\/"]}]}},"_links":{"self":[{"href":"https:\/\/cb.agencegazelle.com\/es\/wp-json\/wp\/v2\/pages\/33124"}],"collection":[{"href":"https:\/\/cb.agencegazelle.com\/es\/wp-json\/wp\/v2\/pages"}],"about":[{"href":"https:\/\/cb.agencegazelle.com\/es\/wp-json\/wp\/v2\/types\/page"}],"author":[{"embeddable":true,"href":"https:\/\/cb.agencegazelle.com\/es\/wp-json\/wp\/v2\/users\/2"}],"replies":[{"embeddable":true,"href":"https:\/\/cb.agencegazelle.com\/es\/wp-json\/wp\/v2\/comments?post=33124"}],"version-history":[{"count":0,"href":"https:\/\/cb.agencegazelle.com\/es\/wp-json\/wp\/v2\/pages\/33124\/revisions"}],"wp:attachment":[{"href":"https:\/\/cb.agencegazelle.com\/es\/wp-json\/wp\/v2\/media?parent=33124"}],"curies":[{"name":"wp","href":"https:\/\/api.w.org\/{rel}","templated":true}]}}