{"id":33159,"date":"2021-12-14T11:27:38","date_gmt":"2021-12-14T10:27:38","guid":{"rendered":"https:\/\/cb.agencegazelle.com\/nos-engagements\/"},"modified":"2022-05-09T09:56:13","modified_gmt":"2022-05-09T07:56:13","slug":"nos-engagements-es","status":"publish","type":"page","link":"https:\/\/cb.agencegazelle.com\/es\/nos-engagements-es\/","title":{"rendered":"Nuestros compromisos"},"content":{"rendered":"[vc_row el_class=&#8221;spacing-xl&#8221;][vc_column][vc_column_text el_class=&#8221;gzl-header-solo-title color-black&#8221;]\n<h1>NUESTROS COMPROMISOS<\/h1>\n[\/vc_column_text][vc_column_text]Nuestros compromisos son claros e incondicionales: \u00a1productos de calidad y resultados![\/vc_column_text][\/vc_column][\/vc_row][vc_row el_class=&#8221;gzl-cms-blocMenu&#8221;][vc_column]\t<div id=\"et-icon-holder-291\" class=\"et-icon-holder row center-true lg-block-grid-4 md-block-grid-4 block-grid-2 \">\n\t\t\r\n\t<div id=\"et-iconbox-610\" class=\"et-iconbox layout-default icon-style-image-default bottom-spacing-none icon-color- text-color- animation bottom-to-top \"> \r\n\t\t<div class=\"et-icon-inner\">\r\n\t\t\t<figure class=\"et-feature-icon\">\r\n\t\t\t\t\t\t\t\t\t<img decoding=\"async\" src=\"https:\/\/cb.agencegazelle.com\/wp-content\/uploads\/2022\/02\/picto-engagement-03.jpg\" alt=\"COMBINAN CIENCIA Y EFICIENCIA\" \/>\r\n\t\t\t\t\t\t\t<\/figure>\r\n\t\t\t<div class=\"et-feature-content\"> \r\n\t\t\t\t\t\t\t\t\t\t\t\t\t<h4 class=\"title\">COMBINAN CIENCIA Y EFICIENCIA<\/h4>\r\n\t\t\t\t\t\t\t\t<div class=\"wpb_text_column\"><\/div>\r\n\t\t\t\t\t\t\t<\/div>\r\n\t\t<\/div>\r\n\t<\/div>\r\n\r\n\t\r\n\t<div id=\"et-iconbox-927\" class=\"et-iconbox layout-default icon-style-image-default bottom-spacing-none icon-color- text-color- animation bottom-to-top \"> \r\n\t\t<div class=\"et-icon-inner\">\r\n\t\t\t<figure class=\"et-feature-icon\">\r\n\t\t\t\t\t\t\t\t\t<img decoding=\"async\" src=\"https:\/\/cb.agencegazelle.com\/wp-content\/uploads\/2022\/02\/picto-engagement-04.jpg\" alt=\"PROBADO M\u00c9DICAMENTE\" \/>\r\n\t\t\t\t\t\t\t<\/figure>\r\n\t\t\t<div class=\"et-feature-content\"> \r\n\t\t\t\t\t\t\t\t\t\t\t\t\t<h4 class=\"title\">PROBADO M\u00c9DICAMENTE<\/h4>\r\n\t\t\t\t\t\t\t\t<div class=\"wpb_text_column\"><\/div>\r\n\t\t\t\t\t\t\t<\/div>\r\n\t\t<\/div>\r\n\t<\/div>\r\n\r\n\t\r\n\t<div id=\"et-iconbox-990\" class=\"et-iconbox layout-default icon-style-image-default bottom-spacing-none icon-color- text-color- animation bottom-to-top \"> \r\n\t\t<div class=\"et-icon-inner\">\r\n\t\t\t<figure class=\"et-feature-icon\">\r\n\t\t\t\t\t\t\t\t\t<img decoding=\"async\" src=\"https:\/\/cb.agencegazelle.com\/wp-content\/uploads\/2022\/02\/picto-engagement-02.jpg\" alt=\"EFICACES PERO TRANSPARENTES\" \/>\r\n\t\t\t\t\t\t\t<\/figure>\r\n\t\t\t<div class=\"et-feature-content\"> \r\n\t\t\t\t\t\t\t\t\t\t\t\t\t<h4 class=\"title\">EFICACES PERO TRANSPARENTES<\/h4>\r\n\t\t\t\t\t\t\t\t<div class=\"wpb_text_column\"><\/div>\r\n\t\t\t\t\t\t\t<\/div>\r\n\t\t<\/div>\r\n\t<\/div>\r\n\r\n\t\r\n\t<div id=\"et-iconbox-796\" class=\"et-iconbox layout-default icon-style-image-default bottom-spacing-none icon-color- text-color- animation bottom-to-top \"> \r\n\t\t<div class=\"et-icon-inner\">\r\n\t\t\t<figure class=\"et-feature-icon\">\r\n\t\t\t\t\t\t\t\t\t<img decoding=\"async\" src=\"https:\/\/cb.agencegazelle.com\/wp-content\/uploads\/2022\/02\/picto-engagement-05.jpg\" alt=\"EMBALAJES SOSTENIBLES\" \/>\r\n\t\t\t\t\t\t\t<\/figure>\r\n\t\t\t<div class=\"et-feature-content\"> \r\n\t\t\t\t\t\t\t\t\t\t\t\t\t<h4 class=\"title\">EMBALAJES SOSTENIBLES<\/h4>\r\n\t\t\t\t\t\t\t\t<div class=\"wpb_text_column\"><\/div>\r\n\t\t\t\t\t\t\t<\/div>\r\n\t\t<\/div>\r\n\t<\/div>\r\n\r\n\t\t<\/div>\n\t[\/vc_column][\/vc_row][vc_row el_class=&#8221;spacing-xl bg-full black padding-xl&#8221; css=&#8221;.vc_custom_1640104449516{background-color: #000000 !important;}&#8221; el_id=&#8221;1&#8243;][vc_column][vc_column_text el_class=&#8221;gzl-cms-title-large color-white&#8221; css=&#8221;.vc_custom_1646228938782{margin-bottom: 0px !important;}&#8221;]\n<h2>COMBINAN CIENCIA Y EFICIENCIA<\/h2>\n[\/vc_column_text][\/vc_column][\/vc_row][vc_row][vc_column width=&#8221;2\/3&#8243;][vc_column_text]Todas nuestras f\u00f3rmulas se desarrollan tras muchos a\u00f1os de investigaci\u00f3n en laboratorio y se revisan peri\u00f3dicamente para estar siempre a la vanguardia de la innovaci\u00f3n. Esta investigaci\u00f3n continua nos permite proponerle productos cada vez m\u00e1s seguros y eficaces. Nuestra b\u00fasqueda de la calidad no termina ah\u00ed y todos nuestros productos superan cada uno m\u00e1s de 6 pruebas de conformidad y eficacia. Christian BRETON, m\u00e1s de 30 a\u00f1os de experiencia en el tratamiento espec\u00edfico de las zonas sensibles del rostro.<\/p>\n<blockquote>\n<p>Nada de promesas vac\u00edas. M\u00e1s Ciencia y m\u00e1s resultados.<\/p>\n<\/blockquote>\n[\/vc_column_text][\/vc_column][vc_column width=&#8221;1\/3&#8243;][\/vc_column][\/vc_row][vc_row et_column_align=&#8221;align-center&#8221; equal_height=&#8221;yes&#8221; content_placement=&#8221;middle&#8221; el_class=&#8221;gzl-wideImg-1 hide-mob&#8221;][vc_column width=&#8221;2\/3&#8243;][vc_single_image image=&#8221;29907&#8243; img_size=&#8221;1000&#215;290&#8243; alignment=&#8221;center&#8221;][\/vc_column][vc_column width=&#8221;1\/3&#8243;][vc_single_image image=&#8221;29917&#8243; img_size=&#8221;290&#215;290&#8243; alignment=&#8221;center&#8221;][\/vc_column][\/vc_row][vc_row el_class=&#8221;spacing-xl bg-full black padding-xl spacing-xl-35-top&#8221; css=&#8221;.vc_custom_1640104467992{background-color: #000000 !important;}&#8221; el_id=&#8221;2&#8243;][vc_column][vc_column_text el_class=&#8221;gzl-cms-title-large color-white&#8221; css=&#8221;.vc_custom_1646229016046{margin-bottom: 0px !important;}&#8221;]\n<h2>PROBADO M\u00c9DICAMENTE<\/h2>\n[\/vc_column_text][\/vc_column][\/vc_row][vc_row][vc_column width=&#8221;2\/3&#8243;][vc_column_text]Porque su opini\u00f3n nos importa y condiciona todos nuestros desarrollos, nuestros productos se prueban en un panel de mujeres bajo control dermatol\u00f3gico y oftalmol\u00f3gico. As\u00ed podr\u00e1 confirmarnos sus impresiones y expresar sus necesidades y expectativas. Una verdadera relaci\u00f3n de confianza entre usted y nosotros.[\/vc_column_text][\/vc_column][vc_column width=&#8221;1\/3&#8243;][\/vc_column][\/vc_row][vc_row et_column_align=&#8221;align-center&#8221; equal_height=&#8221;yes&#8221; content_placement=&#8221;middle&#8221; el_class=&#8221;gzl-wideImg-1 hide-mob&#8221;][vc_column width=&#8221;1\/3&#8243;][vc_single_image image=&#8221;29922&#8243; img_size=&#8221;290&#215;290&#8243; alignment=&#8221;center&#8221;][\/vc_column][vc_column width=&#8221;2\/3&#8243;][vc_single_image image=&#8221;29927&#8243; img_size=&#8221;1000&#215;290&#8243; alignment=&#8221;center&#8221;][\/vc_column][\/vc_row][vc_row el_class=&#8221;spacing-xl bg-full black padding-xl spacing-xl-35-top&#8221; css=&#8221;.vc_custom_1640104474784{background-color: #000000 !important;}&#8221; el_id=&#8221;3&#8243;][vc_column][vc_column_text el_class=&#8221;gzl-cms-title-large color-white&#8221; css=&#8221;.vc_custom_1646228964254{margin-bottom: 0px !important;}&#8221;]\n<h2>EFICACES PERO TRANSPARENTES<\/h2>\n[\/vc_column_text][\/vc_column][\/vc_row][vc_row][vc_column width=&#8221;2\/3&#8243;][vc_column_text]S\u00f3lo utilizamos activos rigurosamente seleccionados por su eficacia y el respeto a su piel.<\/p>\n<p>Nos comprometemos a utilizar \u00fanicamente ingredientes limpios en cuanto nuestras f\u00f3rmulas lo permitan.<\/p>\n<p>Puede encontrar la lista de ingredientes de todos nuestros productos en sus respectivas p\u00e1ginas en Christianbreton.com, con total transparencia.[\/vc_column_text][\/vc_column][vc_column width=&#8221;1\/3&#8243;][\/vc_column][\/vc_row][vc_row et_column_align=&#8221;align-center&#8221; equal_height=&#8221;yes&#8221; content_placement=&#8221;middle&#8221; el_class=&#8221;gzl-wideImg-1 hide-mob&#8221;][vc_column width=&#8221;2\/3&#8243;][vc_single_image image=&#8221;29988&#8243; img_size=&#8221;1000&#215;290&#8243; alignment=&#8221;center&#8221;][\/vc_column][vc_column width=&#8221;1\/3&#8243;][vc_single_image image=&#8221;29938&#8243; img_size=&#8221;290&#215;290&#8243; alignment=&#8221;center&#8221;][\/vc_column][\/vc_row][vc_row el_class=&#8221;spacing-xl bg-full black padding-xl spacing-xl-35-top&#8221; css=&#8221;.vc_custom_1640104482004{background-color: #000000 !important;}&#8221; el_id=&#8221;4&#8243;][vc_column][vc_column_text el_class=&#8221;gzl-cms-title-large color-white&#8221; css=&#8221;.vc_custom_1646228689197{margin-bottom: 0px !important;}&#8221;]\n<h2>EMBALAJES SOSTENIBLES<\/h2>\n[\/vc_column_text][\/vc_column][\/vc_row][vc_row][vc_column width=&#8221;2\/3&#8243;][vc_column_text]Utilizamos principalmente embalajes de vidrio que son infinitamente reciclables y nuestros tubos de pl\u00e1stico est\u00e1n hechos de pl\u00e1stico reciclado. Pero como sabemos que siempre se puede mejorar, nos comprometemos a eliminar el exceso de cart\u00f3n y papel, especialmente alrededor de nuestros productos.[\/vc_column_text][\/vc_column][vc_column width=&#8221;1\/3&#8243;][\/vc_column][\/vc_row][vc_row et_column_align=&#8221;align-center&#8221; equal_height=&#8221;yes&#8221; content_placement=&#8221;middle&#8221; el_class=&#8221;gzl-wideImg-1 spacing-xl-35-bottom hide-mob&#8221;][vc_column width=&#8221;2\/3&#8243;][vc_single_image image=&#8221;29983&#8243; img_size=&#8221;1000&#215;290&#8243; alignment=&#8221;center&#8221;][\/vc_column][vc_column width=&#8221;1\/3&#8243;][vc_single_image image=&#8221;29949&#8243; img_size=&#8221;290&#215;290&#8243; alignment=&#8221;center&#8221;][\/vc_column][\/vc_row]\n","protected":false},"excerpt":{"rendered":"<p>[vc_row el_class=&#8221;spacing-xl&#8221;][vc_column][vc_column_text el_class=&#8221;gzl-header-solo-title color-black&#8221;] NUESTROS COMPROMISOS [\/vc_column_text][vc_column_text]Nuestros compromisos son claros e incondicionales: \u00a1productos de calidad y resultados![\/vc_column_text][\/vc_column][\/vc_row][vc_row el_class=&#8221;gzl-cms-blocMenu&#8221;][vc_column][\/vc_column][\/vc_row][vc_row el_class=&#8221;spacing-xl bg-full black padding-xl&#8221; css=&#8221;.vc_custom_1640104449516{background-color: #000000 !important;}&#8221; el_id=&#8221;1&#8243;][vc_column][vc_column_text el_class=&#8221;gzl-cms-title-large color-white&#8221; css=&#8221;.vc_custom_1646228938782{margin-bottom: 0px !important;}&#8221;] COMBINAN CIENCIA Y EFICIENCIA [\/vc_column_text][\/vc_column][\/vc_row][vc_row][vc_column width=&#8221;2\/3&#8243;][vc_column_text]Todas nuestras f\u00f3rmulas se desarrollan tras muchos a\u00f1os de investigaci\u00f3n en laboratorio y se&hellip;<\/p>\n","protected":false},"author":2,"featured_media":0,"parent":0,"menu_order":0,"comment_status":"closed","ping_status":"closed","template":"template-cms-menu.php","meta":{"footnotes":""},"yoast_head":"<!-- This site is optimized with the Yoast SEO plugin v23.5 - https:\/\/yoast.com\/wordpress\/plugins\/seo\/ -->\n<title>Nuestros compromisos - CHRISTIAN BRETON<\/title>\n<meta name=\"robots\" content=\"noindex, follow, max-snippet:-1, max-image-preview:large, max-video-preview:-1\" \/>\n<meta property=\"og:locale\" content=\"es_ES\" \/>\n<meta property=\"og:type\" content=\"article\" \/>\n<meta property=\"og:title\" content=\"Nuestros compromisos - CHRISTIAN BRETON\" \/>\n<meta property=\"og:description\" content=\"[vc_row el_class=&#8221;spacing-xl&#8221;][vc_column][vc_column_text el_class=&#8221;gzl-header-solo-title color-black&#8221;] NUESTROS COMPROMISOS [\/vc_column_text][vc_column_text]Nuestros compromisos son claros e incondicionales: \u00a1productos de calidad y resultados![\/vc_column_text][\/vc_column][\/vc_row][vc_row el_class=&#8221;gzl-cms-blocMenu&#8221;][vc_column][\/vc_column][\/vc_row][vc_row el_class=&#8221;spacing-xl bg-full black padding-xl&#8221; css=&#8221;.vc_custom_1640104449516{background-color: #000000 !important;}&#8221; el_id=&#8221;1&#8243;][vc_column][vc_column_text el_class=&#8221;gzl-cms-title-large color-white&#8221; css=&#8221;.vc_custom_1646228938782{margin-bottom: 0px !important;}&#8221;] COMBINAN CIENCIA Y EFICIENCIA [\/vc_column_text][\/vc_column][\/vc_row][vc_row][vc_column width=&#8221;2\/3&#8243;][vc_column_text]Todas nuestras f\u00f3rmulas se desarrollan tras muchos a\u00f1os de investigaci\u00f3n en laboratorio y se&hellip;\" \/>\n<meta property=\"og:url\" content=\"https:\/\/cb.agencegazelle.com\/es\/nos-engagements-es\/\" \/>\n<meta property=\"og:site_name\" content=\"CHRISTIAN BRETON\" \/>\n<meta property=\"article:publisher\" content=\"https:\/\/www.facebook.com\/christianbretonfrance\" \/>\n<meta property=\"article:modified_time\" content=\"2022-05-09T07:56:13+00:00\" \/>\n<meta name=\"twitter:card\" content=\"summary_large_image\" \/>\n<meta name=\"twitter:label1\" content=\"Tiempo de lectura\" \/>\n\t<meta name=\"twitter:data1\" content=\"2 minutos\" \/>\n<script type=\"application\/ld+json\" class=\"yoast-schema-graph\">{\"@context\":\"https:\/\/schema.org\",\"@graph\":[{\"@type\":\"WebPage\",\"@id\":\"https:\/\/cb.agencegazelle.com\/es\/nos-engagements-es\/\",\"url\":\"https:\/\/cb.agencegazelle.com\/es\/nos-engagements-es\/\",\"name\":\"Nuestros compromisos - CHRISTIAN BRETON\",\"isPartOf\":{\"@id\":\"https:\/\/cb.agencegazelle.com\/es\/#website\"},\"datePublished\":\"2021-12-14T10:27:38+00:00\",\"dateModified\":\"2022-05-09T07:56:13+00:00\",\"breadcrumb\":{\"@id\":\"https:\/\/cb.agencegazelle.com\/es\/nos-engagements-es\/#breadcrumb\"},\"inLanguage\":\"es\",\"potentialAction\":[{\"@type\":\"ReadAction\",\"target\":[\"https:\/\/cb.agencegazelle.com\/es\/nos-engagements-es\/\"]}]},{\"@type\":\"BreadcrumbList\",\"@id\":\"https:\/\/cb.agencegazelle.com\/es\/nos-engagements-es\/#breadcrumb\",\"itemListElement\":[{\"@type\":\"ListItem\",\"position\":1,\"name\":\"Accueil\",\"item\":\"https:\/\/cb.agencegazelle.com\/es\/\"},{\"@type\":\"ListItem\",\"position\":2,\"name\":\"Nuestros compromisos\"}]},{\"@type\":\"WebSite\",\"@id\":\"https:\/\/cb.agencegazelle.com\/es\/#website\",\"url\":\"https:\/\/cb.agencegazelle.com\/es\/\",\"name\":\"CHRISTIAN BRETON\",\"description\":\"L&#039;Expert du Contour des Yeux\",\"publisher\":{\"@id\":\"https:\/\/cb.agencegazelle.com\/es\/#organization\"},\"potentialAction\":[{\"@type\":\"SearchAction\",\"target\":{\"@type\":\"EntryPoint\",\"urlTemplate\":\"https:\/\/cb.agencegazelle.com\/es\/?s={search_term_string}\"},\"query-input\":{\"@type\":\"PropertyValueSpecification\",\"valueRequired\":true,\"valueName\":\"search_term_string\"}}],\"inLanguage\":\"es\"},{\"@type\":\"Organization\",\"@id\":\"https:\/\/cb.agencegazelle.com\/es\/#organization\",\"name\":\"CHRISTIAN BRETON\",\"url\":\"https:\/\/cb.agencegazelle.com\/es\/\",\"logo\":{\"@type\":\"ImageObject\",\"inLanguage\":\"es\",\"@id\":\"https:\/\/cb.agencegazelle.com\/es\/#\/schema\/logo\/image\/\",\"url\":\"https:\/\/cb.agencegazelle.com\/wp-content\/uploads\/2022\/05\/Christian-Breton-Logo-fond-noir-scaled.jpg\",\"contentUrl\":\"https:\/\/cb.agencegazelle.com\/wp-content\/uploads\/2022\/05\/Christian-Breton-Logo-fond-noir-scaled.jpg\",\"width\":2560,\"height\":2560,\"caption\":\"CHRISTIAN BRETON\"},\"image\":{\"@id\":\"https:\/\/cb.agencegazelle.com\/es\/#\/schema\/logo\/image\/\"},\"sameAs\":[\"https:\/\/www.facebook.com\/christianbretonfrance\",\"https:\/\/www.instagram.com\/christianbreton_paris\/\"]}]}<\/script>\n<!-- \/ Yoast SEO plugin. -->","yoast_head_json":{"title":"Nuestros compromisos - CHRISTIAN BRETON","robots":{"index":"noindex","follow":"follow","max-snippet":"max-snippet:-1","max-image-preview":"max-image-preview:large","max-video-preview":"max-video-preview:-1"},"og_locale":"es_ES","og_type":"article","og_title":"Nuestros compromisos - CHRISTIAN BRETON","og_description":"[vc_row el_class=&#8221;spacing-xl&#8221;][vc_column][vc_column_text el_class=&#8221;gzl-header-solo-title color-black&#8221;] NUESTROS COMPROMISOS [\/vc_column_text][vc_column_text]Nuestros compromisos son claros e incondicionales: \u00a1productos de calidad y resultados![\/vc_column_text][\/vc_column][\/vc_row][vc_row el_class=&#8221;gzl-cms-blocMenu&#8221;][vc_column][\/vc_column][\/vc_row][vc_row el_class=&#8221;spacing-xl bg-full black padding-xl&#8221; css=&#8221;.vc_custom_1640104449516{background-color: #000000 !important;}&#8221; el_id=&#8221;1&#8243;][vc_column][vc_column_text el_class=&#8221;gzl-cms-title-large color-white&#8221; css=&#8221;.vc_custom_1646228938782{margin-bottom: 0px !important;}&#8221;] COMBINAN CIENCIA Y EFICIENCIA [\/vc_column_text][\/vc_column][\/vc_row][vc_row][vc_column width=&#8221;2\/3&#8243;][vc_column_text]Todas nuestras f\u00f3rmulas se desarrollan tras muchos a\u00f1os de investigaci\u00f3n en laboratorio y se&hellip;","og_url":"https:\/\/cb.agencegazelle.com\/es\/nos-engagements-es\/","og_site_name":"CHRISTIAN BRETON","article_publisher":"https:\/\/www.facebook.com\/christianbretonfrance","article_modified_time":"2022-05-09T07:56:13+00:00","twitter_card":"summary_large_image","twitter_misc":{"Tiempo de lectura":"2 minutos"},"schema":{"@context":"https:\/\/schema.org","@graph":[{"@type":"WebPage","@id":"https:\/\/cb.agencegazelle.com\/es\/nos-engagements-es\/","url":"https:\/\/cb.agencegazelle.com\/es\/nos-engagements-es\/","name":"Nuestros compromisos - CHRISTIAN BRETON","isPartOf":{"@id":"https:\/\/cb.agencegazelle.com\/es\/#website"},"datePublished":"2021-12-14T10:27:38+00:00","dateModified":"2022-05-09T07:56:13+00:00","breadcrumb":{"@id":"https:\/\/cb.agencegazelle.com\/es\/nos-engagements-es\/#breadcrumb"},"inLanguage":"es","potentialAction":[{"@type":"ReadAction","target":["https:\/\/cb.agencegazelle.com\/es\/nos-engagements-es\/"]}]},{"@type":"BreadcrumbList","@id":"https:\/\/cb.agencegazelle.com\/es\/nos-engagements-es\/#breadcrumb","itemListElement":[{"@type":"ListItem","position":1,"name":"Accueil","item":"https:\/\/cb.agencegazelle.com\/es\/"},{"@type":"ListItem","position":2,"name":"Nuestros compromisos"}]},{"@type":"WebSite","@id":"https:\/\/cb.agencegazelle.com\/es\/#website","url":"https:\/\/cb.agencegazelle.com\/es\/","name":"CHRISTIAN BRETON","description":"L&#039;Expert du Contour des Yeux","publisher":{"@id":"https:\/\/cb.agencegazelle.com\/es\/#organization"},"potentialAction":[{"@type":"SearchAction","target":{"@type":"EntryPoint","urlTemplate":"https:\/\/cb.agencegazelle.com\/es\/?s={search_term_string}"},"query-input":{"@type":"PropertyValueSpecification","valueRequired":true,"valueName":"search_term_string"}}],"inLanguage":"es"},{"@type":"Organization","@id":"https:\/\/cb.agencegazelle.com\/es\/#organization","name":"CHRISTIAN BRETON","url":"https:\/\/cb.agencegazelle.com\/es\/","logo":{"@type":"ImageObject","inLanguage":"es","@id":"https:\/\/cb.agencegazelle.com\/es\/#\/schema\/logo\/image\/","url":"https:\/\/cb.agencegazelle.com\/wp-content\/uploads\/2022\/05\/Christian-Breton-Logo-fond-noir-scaled.jpg","contentUrl":"https:\/\/cb.agencegazelle.com\/wp-content\/uploads\/2022\/05\/Christian-Breton-Logo-fond-noir-scaled.jpg","width":2560,"height":2560,"caption":"CHRISTIAN BRETON"},"image":{"@id":"https:\/\/cb.agencegazelle.com\/es\/#\/schema\/logo\/image\/"},"sameAs":["https:\/\/www.facebook.com\/christianbretonfrance","https:\/\/www.instagram.com\/christianbreton_paris\/"]}]}},"_links":{"self":[{"href":"https:\/\/cb.agencegazelle.com\/es\/wp-json\/wp\/v2\/pages\/33159"}],"collection":[{"href":"https:\/\/cb.agencegazelle.com\/es\/wp-json\/wp\/v2\/pages"}],"about":[{"href":"https:\/\/cb.agencegazelle.com\/es\/wp-json\/wp\/v2\/types\/page"}],"author":[{"embeddable":true,"href":"https:\/\/cb.agencegazelle.com\/es\/wp-json\/wp\/v2\/users\/2"}],"replies":[{"embeddable":true,"href":"https:\/\/cb.agencegazelle.com\/es\/wp-json\/wp\/v2\/comments?post=33159"}],"version-history":[{"count":0,"href":"https:\/\/cb.agencegazelle.com\/es\/wp-json\/wp\/v2\/pages\/33159\/revisions"}],"wp:attachment":[{"href":"https:\/\/cb.agencegazelle.com\/es\/wp-json\/wp\/v2\/media?parent=33159"}],"curies":[{"name":"wp","href":"https:\/\/api.w.org\/{rel}","templated":true}]}}