{"id":33061,"date":"2021-12-13T15:52:37","date_gmt":"2021-12-13T14:52:37","guid":{"rendered":"https:\/\/cb.agencegazelle.com\/produit\/base-volumisante-cils-eyelash-builder\/"},"modified":"2024-12-12T09:00:33","modified_gmt":"2024-12-12T08:00:33","slug":"eyelash-builder","status":"publish","type":"product","link":"https:\/\/cb.agencegazelle.com\/es\/produit\/eyelash-builder\/","title":{"rendered":"EYELASH BUILDER"},"content":{"rendered":"[vc_row][vc_column][vc_single_image image=\u201d30559\u2033 img_size=\u201d2770\u00d7217\u2033 alignment=\u201dcenter\u201d el_class=\u201dgzl-product-specs-desktop\u201d][vc_single_image image=\u201d30564\u2033 img_size=\u201d598\u00d7222\u2033 alignment=\u201dcenter\u201d el_class=\u201dgzl-product-specs-mobile\u201d][\/vc_column][\/vc_row][vc_row][vc_column][vc_column_text el_class=\u201dgzl-product-intro\u201d]\n<h3>Efecto alargador, voluminizador y fortalecedor<\/h3>\n<p>Eyelash Builder es el s\u00e9rum de base que mejora el aspecto de las pesta\u00f1as. Su f\u00f3rmula de triple acci\u00f3n -volumen, rizo y longitud- es el tratamiento esencial para unas pesta\u00f1as perfectas. Esta m\u00e1scara de tratamiento alarga las pesta\u00f1as al instante y aporta densidad y volumen. En s\u00f3lo 5 semanas, la franja de las pesta\u00f1as es m\u00e1s abundante y las pesta\u00f1as est\u00e1n m\u00e1s fuertes. Aplicar por la ma\u00f1ana debajo de la m\u00e1scara o por la noche sobre las pesta\u00f1as desmaquilladas.[\/vc_column_text][vc_tta_accordion c_icon=\u201dchevron\u201d c_position=\u201dright\u201d active_section=\u201d\u201d collapsible_all=\u201dtrue\u201d el_class=\u201dgzl-product-accordeon\u201d][vc_tta_section title=\u201d\u00bfA qui\u00e9n va dirigido?\u201d tab_id=\u201dtargeta6a2-9c23286f-e462\u2033][vc_column_text]Todos los tipos de piel.[\/vc_column_text][\/vc_tta_section][vc_tta_section title=\u201dOpini\u00f3n del cliente\u201d tab_id=\u201dreviewsa6a2-9c23286f-e462\u2033 el_class=\u201dgzl-productReviewsBtn\u201d][\/vc_tta_section][\/vc_tta_accordion][\/vc_column][\/vc_row][vc_row css=\u201d.vc_custom_1640082687555{background-color: #000000 !important;}\u201d el_class=\u201dbg-full black spacing-lg percents\u201d][vc_column][vc_column_text el_class=\u201dgzl-cms-title-medium color-white\u201d]\n<h2><strong>PROBADO Y APROBADO *<\/strong><\/h2>\n[\/vc_column_text]\t<div id=\"et-content-carousel-984\" class=\"row et-content-carousel slick slick-slider no-padding  \" data-center=\"\" data-columns=\"3\" data-autoplay=\"\" data-fade=\"false\" data-autoplay-speed=\"\" data-pause=\"\" data-navigation=\"\" data-pagination=\"true\" data-infinite=\"true\">\n\t\t[vc_row_inner][vc_column_inner]\n\t<div id=\"et-counter-69f4923278f32\" class=\"et-counter animation bottom-to-top counter-color-custom icon-color- text-color-custom counter-top\" >\n\t\t\t\t\t<div class=\"counter-container\">\n\t\t\t\t\t\t\t\t\t<div class=\"h1\" data-count=\"100\" data-speed=\"1500\">0<\/div>\n\t\t\t\t\t\t\t\t\t\t\t\t\t<h4>Mejora el aspecto de las pesta\u00f1as<\/h4>\n\t\t\t\t\t\t\t<\/div>\n\t\t\t\t\t\t\t\t\t\t<figure>\t\t\t\t\t<span class=\"\"><\/span>\n\t\t\t\t\t\t\t\t\t<\/figure>\n\t\t\t\t\t\t\t\n\t<\/div>\n\t[\/vc_column_inner][\/vc_row_inner][vc_row_inner][vc_column_inner]\n\t<div id=\"et-counter-69f4923278f6a\" class=\"et-counter animation bottom-to-top counter-color-custom icon-color- text-color-custom counter-top\" >\n\t\t\t\t\t<div class=\"counter-container\">\n\t\t\t\t\t\t\t\t\t<div class=\"h1\" data-count=\"92\" data-speed=\"1500\">0<\/div>\n\t\t\t\t\t\t\t\t\t\t\t\t\t<h4>Pesta\u00f1as m\u00e1s densas despu\u00e9s de 5 semanas<\/h4>\n\t\t\t\t\t\t\t<\/div>\n\t\t\t\t\t\t\t\t\t\t<figure>\t\t\t\t\t<span class=\"\"><\/span>\n\t\t\t\t\t\t\t\t\t<\/figure>\n\t\t\t\t\t\t\t\n\t<\/div>\n\t[\/vc_column_inner][\/vc_row_inner][vc_row_inner][vc_column_inner]\n\t<div id=\"et-counter-69f4923278f81\" class=\"et-counter animation bottom-to-top counter-color-custom icon-color- text-color-custom counter-top\" >\n\t\t\t\t\t<div class=\"counter-container\">\n\t\t\t\t\t\t\t\t\t<div class=\"h1\" data-count=\"92\" data-speed=\"1500\">0<\/div>\n\t\t\t\t\t\t\t\t\t\t\t\t\t<h4>Pesta\u00f1as m\u00e1s largas, espesas y voluminosas instant\u00e1neamente<\/h4>\n\t\t\t\t\t\t\t<\/div>\n\t\t\t\t\t\t\t\t\t\t<figure>\t\t\t\t\t<span class=\"\"><\/span>\n\t\t\t\t\t\t\t\t\t<\/figure>\n\t\t\t\t\t\t\t\n\t<\/div>\n\t[\/vc_column_inner][\/vc_row_inner]\t<\/div>\n\t\t\n\t[\/vc_column][\/vc_row][vc_row el_class=\u201dspacing-lg application\u201d][vc_column][vc_row_inner][vc_column_inner][vc_column_text animation=\u201danimation bottom-to-top\u201d css=\u201d.vc_custom_1646211658719{margin-bottom: 0px !important;}\u201d]\n<h2 style=\"text-align: center;\"><strong>C\u00d3MO UTILIZARLO\u00a0<\/strong><\/h2>\n[\/vc_column_text][\/vc_column_inner][\/vc_row_inner]\t<div id=\"et-content-carousel-542\" class=\"row et-content-carousel slick slick-slider regular-padding  \" data-center=\"\" data-columns=\"3\" data-autoplay=\"\" data-fade=\"false\" data-autoplay-speed=\"\" data-pause=\"\" data-navigation=\"\" data-pagination=\"true\" data-infinite=\"true\">\n\t\t\r\n\t<div id=\"et-iconbox-947\" class=\"et-iconbox layout-centered icon-style-image-default bottom-spacing-none icon-color- text-color- animation bottom-to-top \"> \r\n\t\t<div class=\"et-icon-inner\">\r\n\t\t\t<figure class=\"et-feature-icon\">\r\n\t\t\t\t\t\t\t\t\t<img decoding=\"async\" src=\"https:\/\/cb.agencegazelle.com\/wp-content\/uploads\/2021\/12\/1117-1.jpg\" alt=\"\" \/>\r\n\t\t\t\t\t\t\t<\/figure>\r\n\t\t\t<div class=\"et-feature-content\"> \r\n\t\t\t\t\t\t\t\t\t\t\t\t<div class=\"wpb_text_column\"><h4 style=\"text-align: center;\">Paso 1<\/h4>\n<p class=\"p1\" style=\"text-align: center;\">\u00a0Aplicar el Suero Infinite Lash en la base de las pesta\u00f1as.<\/p>\n<\/div>\r\n\t\t\t\t\t\t\t<\/div>\r\n\t\t<\/div>\r\n\t<\/div>\r\n\r\n\t\r\n\t<div id=\"et-iconbox-149\" class=\"et-iconbox layout-centered icon-style-image-default bottom-spacing-none icon-color- text-color- animation bottom-to-top \"> \r\n\t\t<div class=\"et-icon-inner\">\r\n\t\t\t<figure class=\"et-feature-icon\">\r\n\t\t\t\t\t\t\t\t\t<img decoding=\"async\" src=\"https:\/\/cb.agencegazelle.com\/wp-content\/uploads\/2021\/12\/1105-1.jpg\" alt=\"\" \/>\r\n\t\t\t\t\t\t\t<\/figure>\r\n\t\t\t<div class=\"et-feature-content\"> \r\n\t\t\t\t\t\t\t\t\t\t\t\t<div class=\"wpb_text_column\"><h4 style=\"text-align: center;\">Paso 2<\/h4>\n<p class=\"p1\" style=\"text-align: center;\">Aplicar desde la base hasta el borde de las pesta\u00f1as, durante el d\u00eda bajo la m\u00e1scara o por la noche como mascarilla fortificante.<\/p>\n<\/div>\r\n\t\t\t\t\t\t\t<\/div>\r\n\t\t<\/div>\r\n\t<\/div>\r\n\r\n\t\r\n\t<div id=\"et-iconbox-830\" class=\"et-iconbox layout-centered icon-style-image-default bottom-spacing-none icon-color- text-color- animation bottom-to-top \"> \r\n\t\t<div class=\"et-icon-inner\">\r\n\t\t\t<figure class=\"et-feature-icon\">\r\n\t\t\t\t\t\t\t\t\t<img decoding=\"async\" src=\"https:\/\/cb.agencegazelle.com\/wp-content\/uploads\/2021\/12\/1115-1.jpg\" alt=\"\" \/>\r\n\t\t\t\t\t\t\t<\/figure>\r\n\t\t\t<div class=\"et-feature-content\"> \r\n\t\t\t\t\t\t\t\t\t\t\t\t<div class=\"wpb_text_column\"><h4 style=\"text-align: center;\">Paso 3<\/h4>\n<p class=\"p1\" style=\"text-align: center;\">Aplicar nuestra m\u00e1scara Lash XXXL.<\/p>\n<\/div>\r\n\t\t\t\t\t\t\t<\/div>\r\n\t\t<\/div>\r\n\t<\/div>\r\n\r\n\t\t<\/div>\n\t\t\n\t[\/vc_column][\/vc_row]\n","protected":false},"excerpt":{"rendered":"<p>Eyelash Builder ayuda a fortalecer y espesar las pesta\u00f1as para realzar su aspecto. Las pesta\u00f1as parecen m\u00e1s largas y tupidas.<\/p>\n<p>\u2713 Probado oftalmol\u00f3gicamente<\/p>\n<p>Ref. [wcj_product_sku] \u00b7 5 g<\/p>\n","protected":false},"featured_media":28676,"template":"","meta":[],"product_cat":[1210,1252],"product_tag":[],"yoast_head":"<!-- This site is optimized with the Yoast SEO plugin v23.5 - https:\/\/yoast.com\/wordpress\/plugins\/seo\/ -->\n<title>EYELASH BUILDER - CHRISTIAN BRETON<\/title>\n<meta name=\"description\" content=\"Nuestra base volumen de pesta\u00f1as Eye Lash Builder tiene propiedades hidratantes y nutritivas.\" \/>\n<meta name=\"robots\" content=\"noindex, follow, max-snippet:-1, max-image-preview:large, max-video-preview:-1\" \/>\n<meta property=\"og:locale\" content=\"es_ES\" \/>\n<meta property=\"og:type\" content=\"article\" \/>\n<meta property=\"og:title\" content=\"EYELASH BUILDER - CHRISTIAN BRETON\" \/>\n<meta property=\"og:description\" content=\"Nuestra base volumen de pesta\u00f1as Eye Lash Builder tiene propiedades hidratantes y nutritivas.\" \/>\n<meta property=\"og:url\" content=\"https:\/\/cb.agencegazelle.com\/es\/produit\/eyelash-builder\/\" \/>\n<meta property=\"og:site_name\" content=\"CHRISTIAN BRETON\" \/>\n<meta property=\"article:publisher\" content=\"https:\/\/www.facebook.com\/christianbretonfrance\" \/>\n<meta property=\"article:modified_time\" content=\"2024-12-12T08:00:33+00:00\" \/>\n<meta property=\"og:image\" content=\"https:\/\/cb.agencegazelle.com\/wp-content\/uploads\/2021\/12\/1105.jpg\" \/>\n\t<meta property=\"og:image:width\" content=\"700\" \/>\n\t<meta property=\"og:image:height\" content=\"738\" \/>\n\t<meta property=\"og:image:type\" content=\"image\/jpeg\" \/>\n<meta name=\"twitter:card\" content=\"summary_large_image\" \/>\n<meta name=\"twitter:label1\" content=\"Tiempo de lectura\" \/>\n\t<meta name=\"twitter:data1\" content=\"3 minutos\" \/>\n<script type=\"application\/ld+json\" class=\"yoast-schema-graph\">{\"@context\":\"https:\/\/schema.org\",\"@graph\":[{\"@type\":\"WebPage\",\"@id\":\"https:\/\/cb.agencegazelle.com\/es\/produit\/eyelash-builder\/\",\"url\":\"https:\/\/cb.agencegazelle.com\/es\/produit\/eyelash-builder\/\",\"name\":\"EYELASH BUILDER - CHRISTIAN BRETON\",\"isPartOf\":{\"@id\":\"https:\/\/cb.agencegazelle.com\/es\/#website\"},\"primaryImageOfPage\":{\"@id\":\"https:\/\/cb.agencegazelle.com\/es\/produit\/eyelash-builder\/#primaryimage\"},\"image\":{\"@id\":\"https:\/\/cb.agencegazelle.com\/es\/produit\/eyelash-builder\/#primaryimage\"},\"thumbnailUrl\":\"https:\/\/cb.agencegazelle.com\/wp-content\/uploads\/2021\/12\/1105.jpg\",\"datePublished\":\"2021-12-13T14:52:37+00:00\",\"dateModified\":\"2024-12-12T08:00:33+00:00\",\"description\":\"Nuestra base volumen de pesta\u00f1as Eye Lash Builder tiene propiedades hidratantes y nutritivas.\",\"breadcrumb\":{\"@id\":\"https:\/\/cb.agencegazelle.com\/es\/produit\/eyelash-builder\/#breadcrumb\"},\"inLanguage\":\"es\",\"potentialAction\":[{\"@type\":\"ReadAction\",\"target\":[\"https:\/\/cb.agencegazelle.com\/es\/produit\/eyelash-builder\/\"]}]},{\"@type\":\"ImageObject\",\"inLanguage\":\"es\",\"@id\":\"https:\/\/cb.agencegazelle.com\/es\/produit\/eyelash-builder\/#primaryimage\",\"url\":\"https:\/\/cb.agencegazelle.com\/wp-content\/uploads\/2021\/12\/1105.jpg\",\"contentUrl\":\"https:\/\/cb.agencegazelle.com\/wp-content\/uploads\/2021\/12\/1105.jpg\",\"width\":700,\"height\":738,\"caption\":\"Mascara soin eyelash builder - Christian Breton\"},{\"@type\":\"BreadcrumbList\",\"@id\":\"https:\/\/cb.agencegazelle.com\/es\/produit\/eyelash-builder\/#breadcrumb\",\"itemListElement\":[{\"@type\":\"ListItem\",\"position\":1,\"name\":\"Accueil\",\"item\":\"https:\/\/cb.agencegazelle.com\/es\/\"},{\"@type\":\"ListItem\",\"position\":2,\"name\":\"Shop\",\"item\":\"https:\/\/cb.agencegazelle.com\/en\/shop\/\"},{\"@type\":\"ListItem\",\"position\":3,\"name\":\"EYELASH BUILDER\"}]},{\"@type\":\"WebSite\",\"@id\":\"https:\/\/cb.agencegazelle.com\/es\/#website\",\"url\":\"https:\/\/cb.agencegazelle.com\/es\/\",\"name\":\"CHRISTIAN BRETON\",\"description\":\"L&#039;Expert du Contour des Yeux\",\"publisher\":{\"@id\":\"https:\/\/cb.agencegazelle.com\/es\/#organization\"},\"potentialAction\":[{\"@type\":\"SearchAction\",\"target\":{\"@type\":\"EntryPoint\",\"urlTemplate\":\"https:\/\/cb.agencegazelle.com\/es\/?s={search_term_string}\"},\"query-input\":{\"@type\":\"PropertyValueSpecification\",\"valueRequired\":true,\"valueName\":\"search_term_string\"}}],\"inLanguage\":\"es\"},{\"@type\":\"Organization\",\"@id\":\"https:\/\/cb.agencegazelle.com\/es\/#organization\",\"name\":\"CHRISTIAN BRETON\",\"url\":\"https:\/\/cb.agencegazelle.com\/es\/\",\"logo\":{\"@type\":\"ImageObject\",\"inLanguage\":\"es\",\"@id\":\"https:\/\/cb.agencegazelle.com\/es\/#\/schema\/logo\/image\/\",\"url\":\"https:\/\/cb.agencegazelle.com\/wp-content\/uploads\/2022\/05\/Christian-Breton-Logo-fond-noir-scaled.jpg\",\"contentUrl\":\"https:\/\/cb.agencegazelle.com\/wp-content\/uploads\/2022\/05\/Christian-Breton-Logo-fond-noir-scaled.jpg\",\"width\":2560,\"height\":2560,\"caption\":\"CHRISTIAN BRETON\"},\"image\":{\"@id\":\"https:\/\/cb.agencegazelle.com\/es\/#\/schema\/logo\/image\/\"},\"sameAs\":[\"https:\/\/www.facebook.com\/christianbretonfrance\",\"https:\/\/www.instagram.com\/christianbreton_paris\/\"]}]}<\/script>\n<!-- \/ Yoast SEO plugin. -->","yoast_head_json":{"title":"EYELASH BUILDER - CHRISTIAN BRETON","description":"Nuestra base volumen de pesta\u00f1as Eye Lash Builder tiene propiedades hidratantes y nutritivas.","robots":{"index":"noindex","follow":"follow","max-snippet":"max-snippet:-1","max-image-preview":"max-image-preview:large","max-video-preview":"max-video-preview:-1"},"og_locale":"es_ES","og_type":"article","og_title":"EYELASH BUILDER - CHRISTIAN BRETON","og_description":"Nuestra base volumen de pesta\u00f1as Eye Lash Builder tiene propiedades hidratantes y nutritivas.","og_url":"https:\/\/cb.agencegazelle.com\/es\/produit\/eyelash-builder\/","og_site_name":"CHRISTIAN BRETON","article_publisher":"https:\/\/www.facebook.com\/christianbretonfrance","article_modified_time":"2024-12-12T08:00:33+00:00","og_image":[{"width":700,"height":738,"url":"https:\/\/cb.agencegazelle.com\/wp-content\/uploads\/2021\/12\/1105.jpg","type":"image\/jpeg"}],"twitter_card":"summary_large_image","twitter_misc":{"Tiempo de lectura":"3 minutos"},"schema":{"@context":"https:\/\/schema.org","@graph":[{"@type":"WebPage","@id":"https:\/\/cb.agencegazelle.com\/es\/produit\/eyelash-builder\/","url":"https:\/\/cb.agencegazelle.com\/es\/produit\/eyelash-builder\/","name":"EYELASH BUILDER - CHRISTIAN BRETON","isPartOf":{"@id":"https:\/\/cb.agencegazelle.com\/es\/#website"},"primaryImageOfPage":{"@id":"https:\/\/cb.agencegazelle.com\/es\/produit\/eyelash-builder\/#primaryimage"},"image":{"@id":"https:\/\/cb.agencegazelle.com\/es\/produit\/eyelash-builder\/#primaryimage"},"thumbnailUrl":"https:\/\/cb.agencegazelle.com\/wp-content\/uploads\/2021\/12\/1105.jpg","datePublished":"2021-12-13T14:52:37+00:00","dateModified":"2024-12-12T08:00:33+00:00","description":"Nuestra base volumen de pesta\u00f1as Eye Lash Builder tiene propiedades hidratantes y nutritivas.","breadcrumb":{"@id":"https:\/\/cb.agencegazelle.com\/es\/produit\/eyelash-builder\/#breadcrumb"},"inLanguage":"es","potentialAction":[{"@type":"ReadAction","target":["https:\/\/cb.agencegazelle.com\/es\/produit\/eyelash-builder\/"]}]},{"@type":"ImageObject","inLanguage":"es","@id":"https:\/\/cb.agencegazelle.com\/es\/produit\/eyelash-builder\/#primaryimage","url":"https:\/\/cb.agencegazelle.com\/wp-content\/uploads\/2021\/12\/1105.jpg","contentUrl":"https:\/\/cb.agencegazelle.com\/wp-content\/uploads\/2021\/12\/1105.jpg","width":700,"height":738,"caption":"Mascara soin eyelash builder - Christian Breton"},{"@type":"BreadcrumbList","@id":"https:\/\/cb.agencegazelle.com\/es\/produit\/eyelash-builder\/#breadcrumb","itemListElement":[{"@type":"ListItem","position":1,"name":"Accueil","item":"https:\/\/cb.agencegazelle.com\/es\/"},{"@type":"ListItem","position":2,"name":"Shop","item":"https:\/\/cb.agencegazelle.com\/en\/shop\/"},{"@type":"ListItem","position":3,"name":"EYELASH BUILDER"}]},{"@type":"WebSite","@id":"https:\/\/cb.agencegazelle.com\/es\/#website","url":"https:\/\/cb.agencegazelle.com\/es\/","name":"CHRISTIAN BRETON","description":"L&#039;Expert du Contour des Yeux","publisher":{"@id":"https:\/\/cb.agencegazelle.com\/es\/#organization"},"potentialAction":[{"@type":"SearchAction","target":{"@type":"EntryPoint","urlTemplate":"https:\/\/cb.agencegazelle.com\/es\/?s={search_term_string}"},"query-input":{"@type":"PropertyValueSpecification","valueRequired":true,"valueName":"search_term_string"}}],"inLanguage":"es"},{"@type":"Organization","@id":"https:\/\/cb.agencegazelle.com\/es\/#organization","name":"CHRISTIAN BRETON","url":"https:\/\/cb.agencegazelle.com\/es\/","logo":{"@type":"ImageObject","inLanguage":"es","@id":"https:\/\/cb.agencegazelle.com\/es\/#\/schema\/logo\/image\/","url":"https:\/\/cb.agencegazelle.com\/wp-content\/uploads\/2022\/05\/Christian-Breton-Logo-fond-noir-scaled.jpg","contentUrl":"https:\/\/cb.agencegazelle.com\/wp-content\/uploads\/2022\/05\/Christian-Breton-Logo-fond-noir-scaled.jpg","width":2560,"height":2560,"caption":"CHRISTIAN BRETON"},"image":{"@id":"https:\/\/cb.agencegazelle.com\/es\/#\/schema\/logo\/image\/"},"sameAs":["https:\/\/www.facebook.com\/christianbretonfrance","https:\/\/www.instagram.com\/christianbreton_paris\/"]}]}},"_links":{"self":[{"href":"https:\/\/cb.agencegazelle.com\/es\/wp-json\/wp\/v2\/product\/33061"}],"collection":[{"href":"https:\/\/cb.agencegazelle.com\/es\/wp-json\/wp\/v2\/product"}],"about":[{"href":"https:\/\/cb.agencegazelle.com\/es\/wp-json\/wp\/v2\/types\/product"}],"wp:featuredmedia":[{"embeddable":true,"href":"https:\/\/cb.agencegazelle.com\/es\/wp-json\/wp\/v2\/media\/28676"}],"wp:attachment":[{"href":"https:\/\/cb.agencegazelle.com\/es\/wp-json\/wp\/v2\/media?parent=33061"}],"wp:term":[{"taxonomy":"product_cat","embeddable":true,"href":"https:\/\/cb.agencegazelle.com\/es\/wp-json\/wp\/v2\/product_cat?post=33061"},{"taxonomy":"product_tag","embeddable":true,"href":"https:\/\/cb.agencegazelle.com\/es\/wp-json\/wp\/v2\/product_tag?post=33061"}],"curies":[{"name":"wp","href":"https:\/\/api.w.org\/{rel}","templated":true}]}}